{"id":37889,"date":"2026-04-29T22:51:13","date_gmt":"2026-04-30T04:51:13","guid":{"rendered":"https:\/\/gaceta.politicas.unam.mx\/?page_id=37889"},"modified":"2026-05-01T13:57:04","modified_gmt":"2026-05-01T19:57:04","slug":"deportes","status":"publish","type":"page","link":"https:\/\/gaceta.politicas.unam.mx\/index.php\/deportes\/","title":{"rendered":"Deportes: Ana Valeria Reyes N\u00fa\u00f1ez"},"content":{"rendered":"\t\t<div data-elementor-type=\"wp-page\" data-elementor-id=\"37889\" class=\"elementor elementor-37889\">\n\t\t\t\t\t\t\t\t\t<section class=\"elementor-section elementor-top-section elementor-element elementor-element-7b4b039 elementor-section-boxed elementor-section-height-default elementor-section-height-default\" data-id=\"7b4b039\" data-element_type=\"section\">\n\t\t\t\t\t\t<div class=\"elementor-container elementor-column-gap-default\">\n\t\t\t\t\t<div class=\"elementor-column elementor-col-100 elementor-top-column elementor-element elementor-element-bb6da8c\" data-id=\"bb6da8c\" data-element_type=\"column\">\n\t\t\t<div class=\"elementor-widget-wrap elementor-element-populated\">\n\t\t\t\t\t\t\t\t<div class=\"elementor-element elementor-element-1ea78d6 elementor-widget elementor-widget-heading\" data-id=\"1ea78d6\" data-element_type=\"widget\" data-widget_type=\"heading.default\">\n\t\t\t\t<div class=\"elementor-widget-container\">\n\t\t\t<h2 class=\"elementor-heading-title elementor-size-default\">Disciplina y triunfos en la nataci\u00f3n\n<\/h2>\t\t<\/div>\n\t\t\t\t<\/div>\n\t\t\t\t\t<\/div>\n\t\t<\/div>\n\t\t\t\t\t\t\t<\/div>\n\t\t<\/section>\n\t\t\t\t<section class=\"elementor-section elementor-top-section elementor-element elementor-element-c576fcd elementor-section-boxed elementor-section-height-default elementor-section-height-default\" data-id=\"c576fcd\" data-element_type=\"section\">\n\t\t\t\t\t\t<div class=\"elementor-container elementor-column-gap-default\">\n\t\t\t\t\t<div class=\"elementor-column elementor-col-100 elementor-top-column elementor-element elementor-element-b6dd271\" data-id=\"b6dd271\" data-element_type=\"column\">\n\t\t\t<div class=\"elementor-widget-wrap elementor-element-populated\">\n\t\t\t\t\t\t\t\t<div class=\"elementor-element elementor-element-72f6607 elementor-widget elementor-widget-text-editor\" data-id=\"72f6607\" data-element_type=\"widget\" data-widget_type=\"text-editor.default\">\n\t\t\t\t<div class=\"elementor-widget-container\">\n\t\t\t\t\t\t\t<p>Por Ana Paola Jim\u00e9nez<\/p>\t\t\t\t\t\t<\/div>\n\t\t\t\t<\/div>\n\t\t\t\t\t<\/div>\n\t\t<\/div>\n\t\t\t\t\t\t\t<\/div>\n\t\t<\/section>\n\t\t\t\t<section class=\"elementor-section elementor-top-section elementor-element elementor-element-63cb97d elementor-section-boxed elementor-section-height-default elementor-section-height-default\" data-id=\"63cb97d\" data-element_type=\"section\">\n\t\t\t\t\t\t<div class=\"elementor-container elementor-column-gap-default\">\n\t\t\t\t\t<div class=\"elementor-column elementor-col-100 elementor-top-column elementor-element elementor-element-d88af42\" data-id=\"d88af42\" data-element_type=\"column\">\n\t\t\t<div class=\"elementor-widget-wrap elementor-element-populated\">\n\t\t\t\t\t\t\t\t<div class=\"elementor-element elementor-element-bec01dd elementor-widget elementor-widget-image\" data-id=\"bec01dd\" data-element_type=\"widget\" data-widget_type=\"image.default\">\n\t\t\t\t<div class=\"elementor-widget-container\">\n\t\t\t\t\t\t\t\t\t\t\t\t\t\t\t<img decoding=\"async\" width=\"1024\" height=\"336\" src=\"https:\/\/gaceta.politicas.unam.mx\/wp-content\/uploads\/2026\/04\/gaceta322_page-0037-copia-1024x336.jpg\" class=\"attachment-large size-large wp-image-37892\" alt=\"\" loading=\"lazy\" srcset=\"https:\/\/gaceta.politicas.unam.mx\/wp-content\/uploads\/2026\/04\/gaceta322_page-0037-copia-1024x336.jpg 1024w, https:\/\/gaceta.politicas.unam.mx\/wp-content\/uploads\/2026\/04\/gaceta322_page-0037-copia-300x98.jpg 300w, https:\/\/gaceta.politicas.unam.mx\/wp-content\/uploads\/2026\/04\/gaceta322_page-0037-copia-768x252.jpg 768w, https:\/\/gaceta.politicas.unam.mx\/wp-content\/uploads\/2026\/04\/gaceta322_page-0037-copia.jpg 1275w\" sizes=\"(max-width: 1024px) 100vw, 1024px\" \/>\t\t\t\t\t\t\t\t\t\t\t\t\t\t\t<\/div>\n\t\t\t\t<\/div>\n\t\t\t\t\t<\/div>\n\t\t<\/div>\n\t\t\t\t\t\t\t<\/div>\n\t\t<\/section>\n\t\t\t\t<section class=\"elementor-section elementor-top-section elementor-element elementor-element-e8f0fcd elementor-section-boxed elementor-section-height-default elementor-section-height-default\" data-id=\"e8f0fcd\" data-element_type=\"section\">\n\t\t\t\t\t\t<div class=\"elementor-container elementor-column-gap-default\">\n\t\t\t\t\t<div class=\"elementor-column elementor-col-100 elementor-top-column elementor-element elementor-element-6fd8af2\" data-id=\"6fd8af2\" data-element_type=\"column\">\n\t\t\t<div class=\"elementor-widget-wrap elementor-element-populated\">\n\t\t\t\t\t\t\t\t<div class=\"elementor-element elementor-element-2c75290 elementor-widget elementor-widget-rating\" data-id=\"2c75290\" data-element_type=\"widget\" data-widget_type=\"rating.default\">\n\t\t\t\t<div class=\"elementor-widget-container\">\n\t\t\t\t\t<div class=\"e-rating\" itemtype=\"https:\/\/schema.org\/Rating\" itemscope=\"\" itemprop=\"reviewRating\">\n\t\t\t<meta itemprop=\"worstRating\" content=\"0\">\n\t\t\t<meta itemprop=\"bestRating\" content=\"5\">\n\t\t\t<div class=\"e-rating-wrapper\" itemprop=\"ratingValue\" content=\"5\" role=\"img\" aria-label=\"Valorado con 5 de 5\">\n\t\t\t\t\t\t\t<div class=\"e-icon\">\n\t\t\t\t<div class=\"e-icon-wrapper e-icon-marked\">\n\t\t\t\t\t<i aria-hidden=\"true\" class=\"eicon-star\"><\/i>\t\t\t\t<\/div>\n\t\t\t\t<div class=\"e-icon-wrapper e-icon-unmarked\">\n\t\t\t\t\t<i aria-hidden=\"true\" class=\"eicon-star\"><\/i>\t\t\t\t<\/div>\n\t\t\t<\/div>\n\t\t\t\t\t\t<div class=\"e-icon\">\n\t\t\t\t<div class=\"e-icon-wrapper e-icon-marked\">\n\t\t\t\t\t<i aria-hidden=\"true\" class=\"eicon-star\"><\/i>\t\t\t\t<\/div>\n\t\t\t\t<div class=\"e-icon-wrapper e-icon-unmarked\">\n\t\t\t\t\t<i aria-hidden=\"true\" class=\"eicon-star\"><\/i>\t\t\t\t<\/div>\n\t\t\t<\/div>\n\t\t\t\t\t\t<div class=\"e-icon\">\n\t\t\t\t<div class=\"e-icon-wrapper e-icon-marked\">\n\t\t\t\t\t<i aria-hidden=\"true\" class=\"eicon-star\"><\/i>\t\t\t\t<\/div>\n\t\t\t\t<div class=\"e-icon-wrapper e-icon-unmarked\">\n\t\t\t\t\t<i aria-hidden=\"true\" class=\"eicon-star\"><\/i>\t\t\t\t<\/div>\n\t\t\t<\/div>\n\t\t\t\t\t\t<div class=\"e-icon\">\n\t\t\t\t<div class=\"e-icon-wrapper e-icon-marked\">\n\t\t\t\t\t<i aria-hidden=\"true\" class=\"eicon-star\"><\/i>\t\t\t\t<\/div>\n\t\t\t\t<div class=\"e-icon-wrapper e-icon-unmarked\">\n\t\t\t\t\t<i aria-hidden=\"true\" class=\"eicon-star\"><\/i>\t\t\t\t<\/div>\n\t\t\t<\/div>\n\t\t\t\t\t\t<div class=\"e-icon\">\n\t\t\t\t<div class=\"e-icon-wrapper e-icon-marked\">\n\t\t\t\t\t<i aria-hidden=\"true\" class=\"eicon-star\"><\/i>\t\t\t\t<\/div>\n\t\t\t\t<div class=\"e-icon-wrapper e-icon-unmarked\">\n\t\t\t\t\t<i aria-hidden=\"true\" class=\"eicon-star\"><\/i>\t\t\t\t<\/div>\n\t\t\t<\/div>\n\t\t\t\t\t\t<\/div>\n\t\t<\/div>\n\t\t\t\t<\/div>\n\t\t\t\t<\/div>\n\t\t\t\t\t<\/div>\n\t\t<\/div>\n\t\t\t\t\t\t\t<\/div>\n\t\t<\/section>\n\t\t\t\t<section class=\"elementor-section elementor-top-section elementor-element elementor-element-6f8b79d elementor-section-boxed elementor-section-height-default elementor-section-height-default\" data-id=\"6f8b79d\" data-element_type=\"section\">\n\t\t\t\t\t\t<div class=\"elementor-container elementor-column-gap-default\">\n\t\t\t\t\t<div class=\"elementor-column elementor-col-50 elementor-top-column elementor-element elementor-element-34feb98\" data-id=\"34feb98\" data-element_type=\"column\">\n\t\t\t<div class=\"elementor-widget-wrap elementor-element-populated\">\n\t\t\t\t\t\t\t\t<div class=\"elementor-element elementor-element-1e1c34e elementor-widget elementor-widget-text-editor\" data-id=\"1e1c34e\" data-element_type=\"widget\" data-widget_type=\"text-editor.default\">\n\t\t\t\t<div class=\"elementor-widget-container\">\n\t\t\t\t\t\t\t<p>Aplaudimos a las estudiantes deportistas que nos representan como Facultad. Ana Valeria Reyes N\u00fa\u00f1ez, alumna de segundo semestre de Ciencia Pol\u00edtica, y nadadora, pone en alto a las mujeres de nuestro plantel.<br \/>En octubre pasado, obtuvo la medalla de tercer lugar en el Campeonato Nacional Universitario y clasific\u00f3, con un tiempo de 2:21:87, en 200 metros, estilo mariposa, en la Olimpiada Nacional que se llevar\u00e1 acabo en este mes de mayo. Algunos de sus r\u00e9cords son: 59:88 en 100 metros libres, 28:02 en 50 metros libres y 1:05:37 en 100 metros mariposa. Tambi\u00e9n represent\u00f3 a la UNAM en el campeonato nacional de Curso Corto (piscina de 25 metros) en diciembre de 2025, donde qued\u00f3 en cuarto lugar en varias de las pruebas.<\/p><p>Valeria comenz\u00f3 a nadar desde los seis a\u00f1os y hasta la fecha compite de manera constante. Aunque no inici\u00f3 con el prop\u00f3sito de competir, con el tiempo su disciplina y compromiso la llevaron a medirse en justas de modo permanente. \u201cAdem\u00e1s de la sensaci\u00f3n que me genera competir, me da gran emoci\u00f3n y adrenalina para buscar superarme d\u00eda a d\u00eda\u201d.<br \/>Su experiencia como deportista universitaria es muy completa, aunque reconoci\u00f3 lo dif\u00edcil de balancear lo acad\u00e9mico con el alto rendimiento que exige su deporte. \u201cCreo que ah\u00ed es justamente donde se proyecta la disciplina y el compromiso, en la consecuci\u00f3n de metas y objetivos, tanto en la parte escolar como en la deportiva; sumado a esto,\u00a0como mujer, siento una exigencia personal de demostrar de lo que soy capaz dentro y fuera del agua, todo lo cual me motiva a mejorar\u201d.<\/p><p><span style=\"font-family: Lato, sans-serif; font-size: 16px; font-style: normal; font-variant-ligatures: normal; font-variant-caps: normal; font-weight: 400;\">Aun cuando tiene poco tiempo estudiando en el plantel se siente apo yada por la instituci\u00f3n, pues \u201chan re conocido mis resultados y le han dado seguimiento a mi trayectoria. Para m\u00ed eso habla de que valoran el esfuerzo que hay detr\u00e1s y me fortalece para seguir representando a la Facultad lo mejor posible\u201d.\u00a0<\/span><\/p>\t\t\t\t\t\t<\/div>\n\t\t\t\t<\/div>\n\t\t\t\t\t<\/div>\n\t\t<\/div>\n\t\t\t\t<div class=\"elementor-column elementor-col-50 elementor-top-column elementor-element elementor-element-cfb0119\" data-id=\"cfb0119\" data-element_type=\"column\">\n\t\t\t<div class=\"elementor-widget-wrap elementor-element-populated\">\n\t\t\t\t\t\t\t\t<div class=\"elementor-element elementor-element-ab43b4b elementor-widget__width-initial elementor-widget elementor-widget-text-editor\" data-id=\"ab43b4b\" data-element_type=\"widget\" data-widget_type=\"text-editor.default\">\n\t\t\t\t<div class=\"elementor-widget-container\">\n\t\t\t\t\t\t\t<p>En este marco, expres\u00f3 su orgullo por defender los colores de la FCPyS y de la UNAM, pero puntualiz\u00f3 que tambi\u00e9n es una gran responsabilidad, pues \u201cponer en lo m\u00e1s alto el nombre de la instituci\u00f3n, exige dar lo m\u00e1ximo en cada prueba\u201d. Agreg\u00f3 que la constancia y el trabajo diario en cada entrenamiento con tribuyen a reclamar los derechos de las mujeres y a hacer notar la presencia de ellas en los deportes. \u201cEl hecho de estar presentes, competir y mantener un nivel alto demuestra que nosotras tenemos gran capacidad\u201d.&nbsp;<\/p>\n<p>Para concluir esta entrevista mencion\u00f3 el placer de formar parte de la historia de la Facultad, ahora que est\u00e1 festejando su 75 Aniversario. \u201cEstar aqu\u00ed y ser no s\u00f3lo estudiante, sino tambi\u00e9n atleta, le da un valor muy especial a todo lo que hago; refleja mi entrega a la academia y al deporte al mismo tiempo.&nbsp;<\/p>\n<p>A mis compa\u00f1eras les digo que \u201cno se rindan; aunque a veces es complicado combinar diferentes acciones, s\u00ed se puede salir avante y siempre vale la pena. Todo nuestro esfuerzo tiene resultados en alg\u00fan momento y la satisfacci\u00f3n de cumplir con metas y objetivos es \u00fanica\u201d.&nbsp;<\/p>\t\t\t\t\t\t<\/div>\n\t\t\t\t<\/div>\n\t\t\t\t<div class=\"elementor-element elementor-element-4740f69 elementor-widget elementor-widget-image\" data-id=\"4740f69\" data-element_type=\"widget\" data-widget_type=\"image.default\">\n\t\t\t\t<div class=\"elementor-widget-container\">\n\t\t\t\t\t\t\t\t\t\t\t\t<figure class=\"wp-caption\">\n\t\t\t\t\t\t\t\t\t\t<img decoding=\"async\" width=\"399\" height=\"277\" src=\"https:\/\/gaceta.politicas.unam.mx\/wp-content\/uploads\/2026\/04\/gaceta322_page-0037-copian-e1777533930670.jpg\" class=\"attachment-large size-large wp-image-37897\" alt=\"\" loading=\"lazy\" srcset=\"https:\/\/gaceta.politicas.unam.mx\/wp-content\/uploads\/2026\/04\/gaceta322_page-0037-copian-e1777533930670.jpg 399w, https:\/\/gaceta.politicas.unam.mx\/wp-content\/uploads\/2026\/04\/gaceta322_page-0037-copian-e1777533930670-300x208.jpg 300w\" sizes=\"(max-width: 399px) 100vw, 399px\" \/>\t\t\t\t\t\t\t\t\t\t\t<figcaption class=\"widget-image-caption wp-caption-text\">Ana Valeria Reyes obtuvo el tercer lugar en el Campeonato Nacional Universitario.  Fotos: Ari Yaen Y\u00e1\u00f1ez Sosa.<\/figcaption>\n\t\t\t\t\t\t\t\t\t\t<\/figure>\n\t\t\t\t\t\t\t\t\t<\/div>\n\t\t\t\t<\/div>\n\t\t\t\t\t<\/div>\n\t\t<\/div>\n\t\t\t\t\t\t\t<\/div>\n\t\t<\/section>\n\t\t\t\t\t\t\t<\/div>\n\t\t","protected":false},"excerpt":{"rendered":"<p>Disciplina y triunfos en la nataci\u00f3n Por Ana Paola Jim\u00e9nez Aplaudimos a las estudiantes deportistas que nos representan como Facultad. Ana Valeria Reyes N\u00fa\u00f1ez, alumna de segundo semestre de Ciencia Pol\u00edtica, y nadadora,&#46;&#46;&#46;<\/p>\n","protected":false},"author":75,"featured_media":0,"parent":0,"menu_order":0,"comment_status":"closed","ping_status":"closed","template":"","meta":[],"coauthors":[1787],"yoast_head":"<!-- This site is optimized with the Yoast SEO plugin v21.6 - https:\/\/yoast.com\/wordpress\/plugins\/seo\/ -->\n<title>Deportes: Ana Valeria Reyes N\u00fa\u00f1ez - Gaceta Pol\u00edticas<\/title>\n<meta name=\"robots\" content=\"index, follow, max-snippet:-1, max-image-preview:large, max-video-preview:-1\" \/>\n<link rel=\"canonical\" href=\"https:\/\/gaceta.politicas.unam.mx\/index.php\/deportes\/\" \/>\n<meta property=\"og:locale\" content=\"es_ES\" \/>\n<meta property=\"og:type\" content=\"article\" \/>\n<meta property=\"og:title\" content=\"Deportes: Ana Valeria Reyes N\u00fa\u00f1ez - Gaceta Pol\u00edticas\" \/>\n<meta property=\"og:description\" content=\"Disciplina y triunfos en la nataci\u00f3n Por Ana Paola Jim\u00e9nez Aplaudimos a las estudiantes deportistas que nos representan como Facultad. Ana Valeria Reyes N\u00fa\u00f1ez, alumna de segundo semestre de Ciencia Pol\u00edtica, y nadadora,&#046;&#046;&#046;\" \/>\n<meta property=\"og:url\" content=\"https:\/\/gaceta.politicas.unam.mx\/index.php\/deportes\/\" \/>\n<meta property=\"og:site_name\" content=\"Gaceta Pol\u00edticas\" \/>\n<meta property=\"article:publisher\" content=\"https:\/\/www.facebook.com\/FCPyS.UNAM\" \/>\n<meta property=\"article:modified_time\" content=\"2026-05-01T19:57:04+00:00\" \/>\n<meta property=\"og:image\" content=\"http:\/\/gaceta.politicas.unam.mx\/wp-content\/uploads\/2026\/04\/gaceta322_page-0037-copia-1024x336.jpg\" \/>\n<meta name=\"twitter:label1\" content=\"Tiempo de lectura\" \/>\n\t<meta name=\"twitter:data1\" content=\"3 minutos\" \/>\n\t<meta name=\"twitter:label2\" content=\"Written by\" \/>\n\t<meta name=\"twitter:data2\" content=\"Miguel \u00c1ngel Silva Roque\" \/>\n<script type=\"application\/ld+json\" class=\"yoast-schema-graph\">{\"@context\":\"https:\/\/schema.org\",\"@graph\":[{\"@type\":\"WebPage\",\"@id\":\"https:\/\/gaceta.politicas.unam.mx\/index.php\/deportes\/\",\"url\":\"https:\/\/gaceta.politicas.unam.mx\/index.php\/deportes\/\",\"name\":\"Deportes: Ana Valeria Reyes N\u00fa\u00f1ez - Gaceta Pol\u00edticas\",\"isPartOf\":{\"@id\":\"https:\/\/gaceta.politicas.unam.mx\/#website\"},\"datePublished\":\"2026-04-30T04:51:13+00:00\",\"dateModified\":\"2026-05-01T19:57:04+00:00\",\"inLanguage\":\"es\",\"potentialAction\":[{\"@type\":\"ReadAction\",\"target\":[\"https:\/\/gaceta.politicas.unam.mx\/index.php\/deportes\/\"]}]},{\"@type\":\"WebSite\",\"@id\":\"https:\/\/gaceta.politicas.unam.mx\/#website\",\"url\":\"https:\/\/gaceta.politicas.unam.mx\/\",\"name\":\"Gaceta Pol\u00edticas\",\"description\":\"\u00d3rgano informativo de la Facultad de Ciencias Pol\u00edticas y Sociales\",\"potentialAction\":[{\"@type\":\"SearchAction\",\"target\":{\"@type\":\"EntryPoint\",\"urlTemplate\":\"https:\/\/gaceta.politicas.unam.mx\/?s={search_term_string}\"},\"query-input\":\"required name=search_term_string\"}],\"inLanguage\":\"es\"}]}<\/script>\n<!-- \/ Yoast SEO plugin. -->","yoast_head_json":{"title":"Deportes: Ana Valeria Reyes N\u00fa\u00f1ez - Gaceta Pol\u00edticas","robots":{"index":"index","follow":"follow","max-snippet":"max-snippet:-1","max-image-preview":"max-image-preview:large","max-video-preview":"max-video-preview:-1"},"canonical":"https:\/\/gaceta.politicas.unam.mx\/index.php\/deportes\/","og_locale":"es_ES","og_type":"article","og_title":"Deportes: Ana Valeria Reyes N\u00fa\u00f1ez - Gaceta Pol\u00edticas","og_description":"Disciplina y triunfos en la nataci\u00f3n Por Ana Paola Jim\u00e9nez Aplaudimos a las estudiantes deportistas que nos representan como Facultad. Ana Valeria Reyes N\u00fa\u00f1ez, alumna de segundo semestre de Ciencia Pol\u00edtica, y nadadora,&#46;&#46;&#46;","og_url":"https:\/\/gaceta.politicas.unam.mx\/index.php\/deportes\/","og_site_name":"Gaceta Pol\u00edticas","article_publisher":"https:\/\/www.facebook.com\/FCPyS.UNAM","article_modified_time":"2026-05-01T19:57:04+00:00","og_image":[{"url":"http:\/\/gaceta.politicas.unam.mx\/wp-content\/uploads\/2026\/04\/gaceta322_page-0037-copia-1024x336.jpg"}],"twitter_misc":{"Tiempo de lectura":"3 minutos","Written by":"Miguel \u00c1ngel Silva Roque"},"schema":{"@context":"https:\/\/schema.org","@graph":[{"@type":"WebPage","@id":"https:\/\/gaceta.politicas.unam.mx\/index.php\/deportes\/","url":"https:\/\/gaceta.politicas.unam.mx\/index.php\/deportes\/","name":"Deportes: Ana Valeria Reyes N\u00fa\u00f1ez - Gaceta Pol\u00edticas","isPartOf":{"@id":"https:\/\/gaceta.politicas.unam.mx\/#website"},"datePublished":"2026-04-30T04:51:13+00:00","dateModified":"2026-05-01T19:57:04+00:00","inLanguage":"es","potentialAction":[{"@type":"ReadAction","target":["https:\/\/gaceta.politicas.unam.mx\/index.php\/deportes\/"]}]},{"@type":"WebSite","@id":"https:\/\/gaceta.politicas.unam.mx\/#website","url":"https:\/\/gaceta.politicas.unam.mx\/","name":"Gaceta Pol\u00edticas","description":"\u00d3rgano informativo de la Facultad de Ciencias Pol\u00edticas y Sociales","potentialAction":[{"@type":"SearchAction","target":{"@type":"EntryPoint","urlTemplate":"https:\/\/gaceta.politicas.unam.mx\/?s={search_term_string}"},"query-input":"required name=search_term_string"}],"inLanguage":"es"}]}},"_links":{"self":[{"href":"https:\/\/gaceta.politicas.unam.mx\/index.php\/wp-json\/wp\/v2\/pages\/37889"}],"collection":[{"href":"https:\/\/gaceta.politicas.unam.mx\/index.php\/wp-json\/wp\/v2\/pages"}],"about":[{"href":"https:\/\/gaceta.politicas.unam.mx\/index.php\/wp-json\/wp\/v2\/types\/page"}],"author":[{"embeddable":true,"href":"https:\/\/gaceta.politicas.unam.mx\/index.php\/wp-json\/wp\/v2\/users\/75"}],"replies":[{"embeddable":true,"href":"https:\/\/gaceta.politicas.unam.mx\/index.php\/wp-json\/wp\/v2\/comments?post=37889"}],"version-history":[{"count":28,"href":"https:\/\/gaceta.politicas.unam.mx\/index.php\/wp-json\/wp\/v2\/pages\/37889\/revisions"}],"predecessor-version":[{"id":38162,"href":"https:\/\/gaceta.politicas.unam.mx\/index.php\/wp-json\/wp\/v2\/pages\/37889\/revisions\/38162"}],"wp:attachment":[{"href":"https:\/\/gaceta.politicas.unam.mx\/index.php\/wp-json\/wp\/v2\/media?parent=37889"}],"wp:term":[{"taxonomy":"author","embeddable":true,"href":"https:\/\/gaceta.politicas.unam.mx\/index.php\/wp-json\/wp\/v2\/coauthors?post=37889"}],"curies":[{"name":"wp","href":"https:\/\/api.w.org\/{rel}","templated":true}]}}