{"id":21017,"date":"2023-09-11T21:44:20","date_gmt":"2023-09-12T03:44:20","guid":{"rendered":"https:\/\/gaceta.politicas.unam.mx\/?page_id=21017"},"modified":"2026-04-13T14:24:50","modified_gmt":"2026-04-13T20:24:50","slug":"que-es-la-sustentabilidad","status":"publish","type":"page","link":"https:\/\/gaceta.politicas.unam.mx\/index.php\/que-es-la-sustentabilidad\/","title":{"rendered":"\u00bfQu\u00e9 es la sustentabilidad?"},"content":{"rendered":"\t\t<div data-elementor-type=\"wp-page\" data-elementor-id=\"21017\" class=\"elementor elementor-21017\">\n\t\t\t\t\t\t\t\t\t<section class=\"elementor-section elementor-top-section elementor-element elementor-element-cfef105 elementor-section-boxed elementor-section-height-default elementor-section-height-default\" data-id=\"cfef105\" data-element_type=\"section\">\n\t\t\t\t\t\t<div class=\"elementor-container elementor-column-gap-default\">\n\t\t\t\t\t<div class=\"elementor-column elementor-col-100 elementor-top-column elementor-element elementor-element-c70c3a2\" data-id=\"c70c3a2\" data-element_type=\"column\">\n\t\t\t<div class=\"elementor-widget-wrap elementor-element-populated\">\n\t\t\t\t\t\t\t\t<div class=\"elementor-element elementor-element-3248137 elementor-widget elementor-widget-image\" data-id=\"3248137\" data-element_type=\"widget\" data-widget_type=\"image.default\">\n\t\t\t\t<div class=\"elementor-widget-container\">\n\t\t\t\t\t\t\t\t\t\t\t\t\t\t\t<img decoding=\"async\" width=\"1024\" height=\"400\" src=\"https:\/\/gaceta.politicas.unam.mx\/wp-content\/uploads\/2023\/09\/margriet-osinga-1024x400.png\" class=\"attachment-large size-large wp-image-21487\" alt=\"\" loading=\"lazy\" srcset=\"https:\/\/gaceta.politicas.unam.mx\/wp-content\/uploads\/2023\/09\/margriet-osinga-1024x400.png 1024w, https:\/\/gaceta.politicas.unam.mx\/wp-content\/uploads\/2023\/09\/margriet-osinga-300x117.png 300w, https:\/\/gaceta.politicas.unam.mx\/wp-content\/uploads\/2023\/09\/margriet-osinga-768x300.png 768w, https:\/\/gaceta.politicas.unam.mx\/wp-content\/uploads\/2023\/09\/margriet-osinga-1536x600.png 1536w, https:\/\/gaceta.politicas.unam.mx\/wp-content\/uploads\/2023\/09\/margriet-osinga.png 1920w\" sizes=\"(max-width: 1024px) 100vw, 1024px\" \/>\t\t\t\t\t\t\t\t\t\t\t\t\t\t\t<\/div>\n\t\t\t\t<\/div>\n\t\t\t\t<div class=\"elementor-element elementor-element-330a693 elementor-widget elementor-widget-spacer\" data-id=\"330a693\" data-element_type=\"widget\" data-widget_type=\"spacer.default\">\n\t\t\t\t<div class=\"elementor-widget-container\">\n\t\t\t\t\t<div class=\"elementor-spacer\">\n\t\t\t<div class=\"elementor-spacer-inner\"><\/div>\n\t\t<\/div>\n\t\t\t\t<\/div>\n\t\t\t\t<\/div>\n\t\t\t\t<div class=\"elementor-element elementor-element-3de2ea7 elementor-widget elementor-widget-heading\" data-id=\"3de2ea7\" data-element_type=\"widget\" data-widget_type=\"heading.default\">\n\t\t\t\t<div class=\"elementor-widget-container\">\n\t\t\t<h2 class=\"elementor-heading-title elementor-size-default\">\u00bfQu\u00e9 es la sustentabilidad? <\/h2>\t\t<\/div>\n\t\t\t\t<\/div>\n\t\t\t\t<div class=\"elementor-element elementor-element-32c8dbe elementor-widget elementor-widget-text-editor\" data-id=\"32c8dbe\" data-element_type=\"widget\" data-widget_type=\"text-editor.default\">\n\t\t\t\t<div class=\"elementor-widget-container\">\n\t\t\t\t\t\t\t<p><strong>Por Cristina Gonz\u00e1lez Quintero<\/strong><\/p><p>Doctora en Investigaci\u00f3n y Educaci\u00f3n para la Sustentabilidad de la Coordinaci\u00f3n Universitaria para la Sustentabilidad, UNAM.\u00a0<\/p>\t\t\t\t\t\t<\/div>\n\t\t\t\t<\/div>\n\t\t\t\t<div class=\"elementor-element elementor-element-f42678f elementor-widget elementor-widget-text-editor\" data-id=\"f42678f\" data-element_type=\"widget\" data-widget_type=\"text-editor.default\">\n\t\t\t\t<div class=\"elementor-widget-container\">\n\t\t\t\t\t\t\t<p>Como seres humanos tenemos una relaci\u00f3n muy estrecha con los ecosistemas, somos parte y dependemos de ellos para sobrevivir. Obtenemos de \u00e9stos beneficios tangibles, como alimentos, agua, medicinas y la materia prima para la fabricaci\u00f3n de muchos objetos, as\u00ed como intangibles, que se relacionan con procesos que llevan a cabo los ecosistemas, como la polinizaci\u00f3n, regulaci\u00f3n del clima, filtraci\u00f3n de agua, regulaci\u00f3n de plagas, adem\u00e1s de nuestra percepci\u00f3n individual y colectiva, como la espiritualidad, la apreciaci\u00f3n esc\u00e9nica y la recreaci\u00f3n. Debido a los patrones de producci\u00f3n y consumo excesivos, a la econom\u00eda extractivista, al modelo de desarrollo actual y a la distribuci\u00f3n desigual de los recursos hemos alterado los procesos ecosist\u00e9micos, al grado de tener consecuencias negativas sobre la poblaci\u00f3n humana. Esto ha llevado a los ecosistemas a una crisis de modificaci\u00f3n global, con fen\u00f3menos como el cambio clim\u00e1tico, la p\u00e9rdida de la biodiversidad, la alteraci\u00f3n de los ciclos biogeoqu\u00edmicos y la transformaci\u00f3n de uso de suelo por deforestaci\u00f3n.\u00a0<\/p><p>\u00a0<\/p><p>En respuesta a estas crisis de cambio global es que surge la sustentabilidad, que fue definida por primera vez en el Informe Brundtland, en 1987, como \u201cEl tipo de desarrollo que satisface las necesidades de las generaciones presentes sin comprometer la capacidad de las generaciones futuras para solventar sus propias necesidades\u201d. Esta definici\u00f3n destaca que no puede haber desarrollo econ\u00f3mico bajo una base de deterioro de los ecosistemas.<\/p><p>\u00a0<\/p><p>Conforme fue pasando el tiempo, el concepto de sustentabilidad fue evolucionando. En un af\u00e1n de poderse llevar a la pr\u00e1ctica, se reconocieron tres dimensiones, la social, la econ\u00f3mica y la ambiental. La social se relaciona con el bienestar de los seres humanos, que incluye alimentaci\u00f3n, salud, vivienda, educaci\u00f3n, cultura. La econ\u00f3mica se vincula con el uso eficiente de los bienes y servicios y su distribuci\u00f3n equitativa. La ambiental toma en cuenta los l\u00edmites biof\u00edsicos y biol\u00f3gicos del planeta para realizar las actividades humanas, lo que implica, por ejemplo, niveles de producci\u00f3n y consumo dentro de esos l\u00edmites.\u00a0<\/p><p>\u00a0<\/p><p>En la primera aproximaci\u00f3n que se hizo de estas tres dimensiones se ve\u00eda a la sustentabilidad como la intersecci\u00f3n de ellas, lo que implicaba un equilibrio (Figura 1); sin embargo, esto ten\u00eda algunos cuestionamientos, debido a que la dimensi\u00f3n social y econ\u00f3mica dependen de una base de ecosistemas viable. Por lo tanto, surge una segunda aproximaci\u00f3n, donde la dimensi\u00f3n social y econ\u00f3mica dependen de la ambiental (Figura 2). A su vez la dimensi\u00f3n econ\u00f3mica depende de la social, lo que significa que para que haya sustentabilidad la dimensi\u00f3n econ\u00f3mica debe desarrollarse con un piso social de bienestar y equidad, bajo los l\u00edmites biof\u00edsicos y biol\u00f3gicos del globo.<\/p><p>\u00a0<\/p><p>Como se puede ver, la sustentabilidad es un t\u00e9rmino que va evolucionando; est\u00e1 en discusi\u00f3n constante, es din\u00e1mico y se adec\u00faa al contexto social y ambiental en el que se desarrolla. Parte de un sistema de valores de c\u00f3mo concebimos y nos relacionamos con los ecosistemas y la sociedad. Es plural, debido a que las necesidades y los medios para satisfacerlas son diferentes en distintos grupos sociales. Es un proceso continuo hacia el cual avanzar, al cual dirigirnos para acercarnos a un planeta m\u00e1s sustentable.<\/p>\t\t\t\t\t\t<\/div>\n\t\t\t\t<\/div>\n\t\t\t\t<div class=\"elementor-element elementor-element-c981043 elementor-widget elementor-widget-spacer\" data-id=\"c981043\" data-element_type=\"widget\" data-widget_type=\"spacer.default\">\n\t\t\t\t<div class=\"elementor-widget-container\">\n\t\t\t\t\t<div class=\"elementor-spacer\">\n\t\t\t<div class=\"elementor-spacer-inner\"><\/div>\n\t\t<\/div>\n\t\t\t\t<\/div>\n\t\t\t\t<\/div>\n\t\t\t\t\t<\/div>\n\t\t<\/div>\n\t\t\t\t\t\t\t<\/div>\n\t\t<\/section>\n\t\t\t\t\t\t\t<\/div>\n\t\t","protected":false},"excerpt":{"rendered":"<p>\u00bfQu\u00e9 es la sustentabilidad? Por Cristina Gonz\u00e1lez Quintero Doctora en Investigaci\u00f3n y Educaci\u00f3n para la Sustentabilidad de la Coordinaci\u00f3n Universitaria para la Sustentabilidad, UNAM. Como seres humanos tenemos una relaci\u00f3n muy estrecha con&#46;&#46;&#46;<\/p>\n","protected":false},"author":92,"featured_media":0,"parent":0,"menu_order":0,"comment_status":"closed","ping_status":"closed","template":"elementor_header_footer","meta":[],"coauthors":[2170],"yoast_head":"<!-- This site is optimized with the Yoast SEO plugin v21.6 - https:\/\/yoast.com\/wordpress\/plugins\/seo\/ -->\n<title>\u00bfQu\u00e9 es la sustentabilidad? - Gaceta Pol\u00edticas<\/title>\n<meta name=\"robots\" content=\"index, follow, max-snippet:-1, max-image-preview:large, max-video-preview:-1\" \/>\n<link rel=\"canonical\" href=\"https:\/\/gaceta.politicas.unam.mx\/index.php\/que-es-la-sustentabilidad\/\" \/>\n<meta property=\"og:locale\" content=\"es_ES\" \/>\n<meta property=\"og:type\" content=\"article\" \/>\n<meta property=\"og:title\" content=\"\u00bfQu\u00e9 es la sustentabilidad? - Gaceta Pol\u00edticas\" \/>\n<meta property=\"og:description\" content=\"\u00bfQu\u00e9 es la sustentabilidad? Por Cristina Gonz\u00e1lez Quintero Doctora en Investigaci\u00f3n y Educaci\u00f3n para la Sustentabilidad de la Coordinaci\u00f3n Universitaria para la Sustentabilidad, UNAM. Como seres humanos tenemos una relaci\u00f3n muy estrecha con&#046;&#046;&#046;\" \/>\n<meta property=\"og:url\" content=\"https:\/\/gaceta.politicas.unam.mx\/index.php\/que-es-la-sustentabilidad\/\" \/>\n<meta property=\"og:site_name\" content=\"Gaceta Pol\u00edticas\" \/>\n<meta property=\"article:publisher\" content=\"https:\/\/www.facebook.com\/FCPyS.UNAM\" \/>\n<meta property=\"article:modified_time\" content=\"2026-04-13T20:24:50+00:00\" \/>\n<meta property=\"og:image\" content=\"http:\/\/gaceta.politicas.unam.mx\/wp-content\/uploads\/2023\/09\/margriet-osinga-1024x400.png\" \/>\n<meta name=\"twitter:label1\" content=\"Tiempo de lectura\" \/>\n\t<meta name=\"twitter:data1\" content=\"3 minutos\" \/>\n\t<meta name=\"twitter:label2\" content=\"Written by\" \/>\n\t<meta name=\"twitter:data2\" content=\"Ana Sanchez\" \/>\n<script type=\"application\/ld+json\" class=\"yoast-schema-graph\">{\"@context\":\"https:\/\/schema.org\",\"@graph\":[{\"@type\":\"WebPage\",\"@id\":\"https:\/\/gaceta.politicas.unam.mx\/index.php\/que-es-la-sustentabilidad\/\",\"url\":\"https:\/\/gaceta.politicas.unam.mx\/index.php\/que-es-la-sustentabilidad\/\",\"name\":\"\u00bfQu\u00e9 es la sustentabilidad? - Gaceta Pol\u00edticas\",\"isPartOf\":{\"@id\":\"https:\/\/gaceta.politicas.unam.mx\/#website\"},\"datePublished\":\"2023-09-12T03:44:20+00:00\",\"dateModified\":\"2026-04-13T20:24:50+00:00\",\"inLanguage\":\"es\",\"potentialAction\":[{\"@type\":\"ReadAction\",\"target\":[\"https:\/\/gaceta.politicas.unam.mx\/index.php\/que-es-la-sustentabilidad\/\"]}]},{\"@type\":\"WebSite\",\"@id\":\"https:\/\/gaceta.politicas.unam.mx\/#website\",\"url\":\"https:\/\/gaceta.politicas.unam.mx\/\",\"name\":\"Gaceta Pol\u00edticas\",\"description\":\"\u00d3rgano informativo de la Facultad de Ciencias Pol\u00edticas y Sociales\",\"potentialAction\":[{\"@type\":\"SearchAction\",\"target\":{\"@type\":\"EntryPoint\",\"urlTemplate\":\"https:\/\/gaceta.politicas.unam.mx\/?s={search_term_string}\"},\"query-input\":\"required name=search_term_string\"}],\"inLanguage\":\"es\"}]}<\/script>\n<!-- \/ Yoast SEO plugin. -->","yoast_head_json":{"title":"\u00bfQu\u00e9 es la sustentabilidad? - Gaceta Pol\u00edticas","robots":{"index":"index","follow":"follow","max-snippet":"max-snippet:-1","max-image-preview":"max-image-preview:large","max-video-preview":"max-video-preview:-1"},"canonical":"https:\/\/gaceta.politicas.unam.mx\/index.php\/que-es-la-sustentabilidad\/","og_locale":"es_ES","og_type":"article","og_title":"\u00bfQu\u00e9 es la sustentabilidad? - Gaceta Pol\u00edticas","og_description":"\u00bfQu\u00e9 es la sustentabilidad? Por Cristina Gonz\u00e1lez Quintero Doctora en Investigaci\u00f3n y Educaci\u00f3n para la Sustentabilidad de la Coordinaci\u00f3n Universitaria para la Sustentabilidad, UNAM. Como seres humanos tenemos una relaci\u00f3n muy estrecha con&#46;&#46;&#46;","og_url":"https:\/\/gaceta.politicas.unam.mx\/index.php\/que-es-la-sustentabilidad\/","og_site_name":"Gaceta Pol\u00edticas","article_publisher":"https:\/\/www.facebook.com\/FCPyS.UNAM","article_modified_time":"2026-04-13T20:24:50+00:00","og_image":[{"url":"http:\/\/gaceta.politicas.unam.mx\/wp-content\/uploads\/2023\/09\/margriet-osinga-1024x400.png"}],"twitter_misc":{"Tiempo de lectura":"3 minutos","Written by":"Ana Sanchez"},"schema":{"@context":"https:\/\/schema.org","@graph":[{"@type":"WebPage","@id":"https:\/\/gaceta.politicas.unam.mx\/index.php\/que-es-la-sustentabilidad\/","url":"https:\/\/gaceta.politicas.unam.mx\/index.php\/que-es-la-sustentabilidad\/","name":"\u00bfQu\u00e9 es la sustentabilidad? - Gaceta Pol\u00edticas","isPartOf":{"@id":"https:\/\/gaceta.politicas.unam.mx\/#website"},"datePublished":"2023-09-12T03:44:20+00:00","dateModified":"2026-04-13T20:24:50+00:00","inLanguage":"es","potentialAction":[{"@type":"ReadAction","target":["https:\/\/gaceta.politicas.unam.mx\/index.php\/que-es-la-sustentabilidad\/"]}]},{"@type":"WebSite","@id":"https:\/\/gaceta.politicas.unam.mx\/#website","url":"https:\/\/gaceta.politicas.unam.mx\/","name":"Gaceta Pol\u00edticas","description":"\u00d3rgano informativo de la Facultad de Ciencias Pol\u00edticas y Sociales","potentialAction":[{"@type":"SearchAction","target":{"@type":"EntryPoint","urlTemplate":"https:\/\/gaceta.politicas.unam.mx\/?s={search_term_string}"},"query-input":"required name=search_term_string"}],"inLanguage":"es"}]}},"_links":{"self":[{"href":"https:\/\/gaceta.politicas.unam.mx\/index.php\/wp-json\/wp\/v2\/pages\/21017"}],"collection":[{"href":"https:\/\/gaceta.politicas.unam.mx\/index.php\/wp-json\/wp\/v2\/pages"}],"about":[{"href":"https:\/\/gaceta.politicas.unam.mx\/index.php\/wp-json\/wp\/v2\/types\/page"}],"author":[{"embeddable":true,"href":"https:\/\/gaceta.politicas.unam.mx\/index.php\/wp-json\/wp\/v2\/users\/92"}],"replies":[{"embeddable":true,"href":"https:\/\/gaceta.politicas.unam.mx\/index.php\/wp-json\/wp\/v2\/comments?post=21017"}],"version-history":[{"count":17,"href":"https:\/\/gaceta.politicas.unam.mx\/index.php\/wp-json\/wp\/v2\/pages\/21017\/revisions"}],"predecessor-version":[{"id":36519,"href":"https:\/\/gaceta.politicas.unam.mx\/index.php\/wp-json\/wp\/v2\/pages\/21017\/revisions\/36519"}],"wp:attachment":[{"href":"https:\/\/gaceta.politicas.unam.mx\/index.php\/wp-json\/wp\/v2\/media?parent=21017"}],"wp:term":[{"taxonomy":"author","embeddable":true,"href":"https:\/\/gaceta.politicas.unam.mx\/index.php\/wp-json\/wp\/v2\/coauthors?post=21017"}],"curies":[{"name":"wp","href":"https:\/\/api.w.org\/{rel}","templated":true}]}}