{"id":21009,"date":"2023-09-11T19:53:41","date_gmt":"2023-09-12T01:53:41","guid":{"rendered":"https:\/\/gaceta.politicas.unam.mx\/?page_id=21009"},"modified":"2023-09-11T19:57:26","modified_gmt":"2023-09-12T01:57:26","slug":"triunfo-en-reto-estudiantil","status":"publish","type":"page","link":"https:\/\/gaceta.politicas.unam.mx\/index.php\/triunfo-en-reto-estudiantil\/","title":{"rendered":"Triunfo en reto estudiantil"},"content":{"rendered":"\t\t<div data-elementor-type=\"wp-page\" data-elementor-id=\"21009\" class=\"elementor elementor-21009\">\n\t\t\t\t\t\t\t\t\t<section class=\"elementor-section elementor-top-section elementor-element elementor-element-08d1c18 elementor-section-boxed elementor-section-height-default elementor-section-height-default\" data-id=\"08d1c18\" data-element_type=\"section\">\n\t\t\t\t\t\t<div class=\"elementor-container elementor-column-gap-default\">\n\t\t\t\t\t<div class=\"elementor-column elementor-col-100 elementor-top-column elementor-element elementor-element-d1ca581\" data-id=\"d1ca581\" data-element_type=\"column\">\n\t\t\t<div class=\"elementor-widget-wrap elementor-element-populated\">\n\t\t\t\t\t\t\t\t<div class=\"elementor-element elementor-element-cec4150 elementor-widget elementor-widget-image\" data-id=\"cec4150\" data-element_type=\"widget\" data-widget_type=\"image.default\">\n\t\t\t\t<div class=\"elementor-widget-container\">\n\t\t\t\t\t\t\t\t\t\t\t\t\t\t\t<img decoding=\"async\" src=\"https:\/\/gaceta.politicas.unam.mx\/wp-content\/uploads\/2023\/06\/daniel-andrade-santana-administracion.png\" title=\"\" alt=\"\" loading=\"lazy\" \/>\t\t\t\t\t\t\t\t\t\t\t\t\t\t\t<\/div>\n\t\t\t\t<\/div>\n\t\t\t\t<div class=\"elementor-element elementor-element-4ca806a elementor-widget elementor-widget-spacer\" data-id=\"4ca806a\" data-element_type=\"widget\" data-widget_type=\"spacer.default\">\n\t\t\t\t<div class=\"elementor-widget-container\">\n\t\t\t\t\t<div class=\"elementor-spacer\">\n\t\t\t<div class=\"elementor-spacer-inner\"><\/div>\n\t\t<\/div>\n\t\t\t\t<\/div>\n\t\t\t\t<\/div>\n\t\t\t\t<div class=\"elementor-element elementor-element-faa02d2 elementor-widget elementor-widget-heading\" data-id=\"faa02d2\" data-element_type=\"widget\" data-widget_type=\"heading.default\">\n\t\t\t\t<div class=\"elementor-widget-container\">\n\t\t\t<h2 class=\"elementor-heading-title elementor-size-default\">Triunfo en reto estudiantil <\/h2>\t\t<\/div>\n\t\t\t\t<\/div>\n\t\t\t\t<div class=\"elementor-element elementor-element-5dde6d6 elementor-widget elementor-widget-text-editor\" data-id=\"5dde6d6\" data-element_type=\"widget\" data-widget_type=\"text-editor.default\">\n\t\t\t\t<div class=\"elementor-widget-container\">\n\t\t\t\t\t\t\t<p><strong>Por Rafael Ruiz Soto<\/strong><\/p>\t\t\t\t\t\t<\/div>\n\t\t\t\t<\/div>\n\t\t\t\t<div class=\"elementor-element elementor-element-86ce5f9 elementor-widget elementor-widget-text-editor\" data-id=\"86ce5f9\" data-element_type=\"widget\" data-widget_type=\"text-editor.default\">\n\t\t\t\t<div class=\"elementor-widget-container\">\n\t\t\t\t\t\t\t<p>Daniel Andrade Santana, alumno de Ciencias Pol\u00edticas y Administraci\u00f3n P\u00fablica de nuestra Facultad, y de Ingenier\u00eda de Sistemas Ambientales en la Escuela Nacional de Ciencias Biol\u00f3gicas, obtuvo el 2o lugar en el \u201cReto Estudiantil para la Sustentabilidad 2023\u201d, por lo que nos comparti\u00f3 algunas de sus ideas, proyectos y sentir respecto a este reconocimiento.<\/p><p>\u00a0<\/p><p>Daniel, quien busca combinar los conocimientos de sus dos carreras para construir una administraci\u00f3n p\u00fablica m\u00e1s eficiente, sostenible y acorde a lo que est\u00e1 sucediendo a nivel mundial, se\u00f1al\u00f3 que anhela conseguir una posici\u00f3n de poder, con objeto de que sus acciones tengan un peso m\u00e1s grande en la construcci\u00f3n de un M\u00e9xico m\u00e1s sostenible, pues \u201chay que so\u00f1ar grande y hacer lo que nos corresponde\u201d.<\/p><p>\u00a0<\/p><p>Para \u00e9l, ganar el premio se\u00f1alado fue algo muy gratificante, ya que pudo rodearse de diferentes personas con conocimientos de diversas carreras, con ideas interesantes y buenas propuestas. \u201cSignifica que nuestro proyecto est\u00e1 bien planteado, ofrece una soluci\u00f3n realista y genera inter\u00e9s en la gente. Me hizo sentirme orgulloso y ambicioso\u2026 tengo tantas ideas y pienso: si ya lo consegu\u00ed una vez, puedo lograrlo m\u00e1s veces\u201d, coment\u00f3.<\/p><p>\u00a0<\/p><p>Dicho proyecto lo realiz\u00f3 junto a Nara L\u00f3pez, egresada de la Facultad de Ciencias, a quien le agradeci\u00f3 su participaci\u00f3n. Juntos identificaron diversas problem\u00e1ticas en torno al recurso h\u00eddrico y decidieron hacer un sistema piloto de captaci\u00f3n de agua de lluvia, para que se utilice en sanitarios y en sistema de riego de \u00e1reas verdes.<\/p><p>\u00a0<\/p><p>Y es que Daniel es consciente de los problemas ambientales en torno a aguas y l\u00edquidos industriales, y tambi\u00e9n de la movilidad en la ciudad. \u201cPor el lado del agua y el saneamiento, los residuos de la industria tienen contaminado m\u00e1s del 75% del vital l\u00edquido en M\u00e9xico\u201d. A\u00f1adi\u00f3 que para enfrentar este problema se requiere fortalecer la actividad de Profepa y regular la expansi\u00f3n de la mancha urbana, de lo contrario, no se cubrir\u00e1n las necesidades h\u00eddricas a futuro.<\/p><p>\u00a0<\/p><p>Tambi\u00e9n aconsej\u00f3 involucrar a los j\u00f3venes en la sustentabilidad para tener un mejor futuro, adem\u00e1s de valorar la educaci\u00f3n ambiental: \u201cLas actividades que hagamos hoy o dejemos de hacer las van a resentir las generaciones futuras. Debemos edificar un mundo mejor para los que vienen despu\u00e9s de nosotros, no podemos dejarles un ecosistema hostil\u201d, sentenci\u00f3.<\/p><p>\u00a0<\/p><p>El financiamiento de proyectos ambientales tambi\u00e9n es de su inter\u00e9s. Consider\u00f3 que los recursos deben llegar a programas interesantes y bien planteados, y que los apoyos econ\u00f3micos alientan a los j\u00f3venes, quienes buscan atender problem\u00e1ticas apremiantes. A ellos les aconsej\u00f3 seguir las diversas convocatorias, protestas, conferencias y\/o voluntariados en pro del medio ambiente.<\/p><p>Por \u00faltimo, agradeci\u00f3 a la FCPyS por reconocer su triunfo e interesarse en los temas de sustentabilidad, as\u00ed como a la Coordinaci\u00f3n Universitaria de la Sustentabilidad por su apoyo durante todo el proceso.<\/p>\t\t\t\t\t\t<\/div>\n\t\t\t\t<\/div>\n\t\t\t\t\t<\/div>\n\t\t<\/div>\n\t\t\t\t\t\t\t<\/div>\n\t\t<\/section>\n\t\t\t\t\t\t\t<\/div>\n\t\t","protected":false},"excerpt":{"rendered":"<p>Triunfo en reto estudiantil Por Rafael Ruiz Soto Daniel Andrade Santana, alumno de Ciencias Pol\u00edticas y Administraci\u00f3n P\u00fablica de nuestra Facultad, y de Ingenier\u00eda de Sistemas Ambientales en la Escuela Nacional de Ciencias&#46;&#46;&#46;<\/p>\n","protected":false},"author":92,"featured_media":0,"parent":0,"menu_order":0,"comment_status":"closed","ping_status":"closed","template":"elementor_header_footer","meta":[],"coauthors":[2170],"yoast_head":"<!-- This site is optimized with the Yoast SEO plugin v21.6 - https:\/\/yoast.com\/wordpress\/plugins\/seo\/ -->\n<title>Triunfo en reto estudiantil - Gaceta Pol\u00edticas<\/title>\n<meta name=\"robots\" content=\"index, follow, max-snippet:-1, max-image-preview:large, max-video-preview:-1\" \/>\n<link rel=\"canonical\" href=\"https:\/\/gaceta.politicas.unam.mx\/index.php\/triunfo-en-reto-estudiantil\/\" \/>\n<meta property=\"og:locale\" content=\"es_ES\" \/>\n<meta property=\"og:type\" content=\"article\" \/>\n<meta property=\"og:title\" content=\"Triunfo en reto estudiantil - Gaceta Pol\u00edticas\" \/>\n<meta property=\"og:description\" content=\"Triunfo en reto estudiantil Por Rafael Ruiz Soto Daniel Andrade Santana, alumno de Ciencias Pol\u00edticas y Administraci\u00f3n P\u00fablica de nuestra Facultad, y de Ingenier\u00eda de Sistemas Ambientales en la Escuela Nacional de Ciencias&#046;&#046;&#046;\" \/>\n<meta property=\"og:url\" content=\"https:\/\/gaceta.politicas.unam.mx\/index.php\/triunfo-en-reto-estudiantil\/\" \/>\n<meta property=\"og:site_name\" content=\"Gaceta Pol\u00edticas\" \/>\n<meta property=\"article:publisher\" content=\"https:\/\/www.facebook.com\/FCPyS.UNAM\" \/>\n<meta property=\"article:modified_time\" content=\"2023-09-12T01:57:26+00:00\" \/>\n<meta property=\"og:image\" content=\"http:\/\/gaceta.politicas.unam.mx\/wp-content\/uploads\/2023\/06\/daniel-andrade-santana-administracion.png\" \/>\n<meta name=\"twitter:label1\" content=\"Tiempo de lectura\" \/>\n\t<meta name=\"twitter:data1\" content=\"3 minutos\" \/>\n\t<meta name=\"twitter:label2\" content=\"Written by\" \/>\n\t<meta name=\"twitter:data2\" content=\"Ana Sanchez\" \/>\n<script type=\"application\/ld+json\" class=\"yoast-schema-graph\">{\"@context\":\"https:\/\/schema.org\",\"@graph\":[{\"@type\":\"WebPage\",\"@id\":\"https:\/\/gaceta.politicas.unam.mx\/index.php\/triunfo-en-reto-estudiantil\/\",\"url\":\"https:\/\/gaceta.politicas.unam.mx\/index.php\/triunfo-en-reto-estudiantil\/\",\"name\":\"Triunfo en reto estudiantil - Gaceta Pol\u00edticas\",\"isPartOf\":{\"@id\":\"https:\/\/gaceta.politicas.unam.mx\/#website\"},\"datePublished\":\"2023-09-12T01:53:41+00:00\",\"dateModified\":\"2023-09-12T01:57:26+00:00\",\"inLanguage\":\"es\",\"potentialAction\":[{\"@type\":\"ReadAction\",\"target\":[\"https:\/\/gaceta.politicas.unam.mx\/index.php\/triunfo-en-reto-estudiantil\/\"]}]},{\"@type\":\"WebSite\",\"@id\":\"https:\/\/gaceta.politicas.unam.mx\/#website\",\"url\":\"https:\/\/gaceta.politicas.unam.mx\/\",\"name\":\"Gaceta Pol\u00edticas\",\"description\":\"\u00d3rgano informativo de la Facultad de Ciencias Pol\u00edticas y Sociales\",\"potentialAction\":[{\"@type\":\"SearchAction\",\"target\":{\"@type\":\"EntryPoint\",\"urlTemplate\":\"https:\/\/gaceta.politicas.unam.mx\/?s={search_term_string}\"},\"query-input\":\"required name=search_term_string\"}],\"inLanguage\":\"es\"}]}<\/script>\n<!-- \/ Yoast SEO plugin. -->","yoast_head_json":{"title":"Triunfo en reto estudiantil - Gaceta Pol\u00edticas","robots":{"index":"index","follow":"follow","max-snippet":"max-snippet:-1","max-image-preview":"max-image-preview:large","max-video-preview":"max-video-preview:-1"},"canonical":"https:\/\/gaceta.politicas.unam.mx\/index.php\/triunfo-en-reto-estudiantil\/","og_locale":"es_ES","og_type":"article","og_title":"Triunfo en reto estudiantil - Gaceta Pol\u00edticas","og_description":"Triunfo en reto estudiantil Por Rafael Ruiz Soto Daniel Andrade Santana, alumno de Ciencias Pol\u00edticas y Administraci\u00f3n P\u00fablica de nuestra Facultad, y de Ingenier\u00eda de Sistemas Ambientales en la Escuela Nacional de Ciencias&#46;&#46;&#46;","og_url":"https:\/\/gaceta.politicas.unam.mx\/index.php\/triunfo-en-reto-estudiantil\/","og_site_name":"Gaceta Pol\u00edticas","article_publisher":"https:\/\/www.facebook.com\/FCPyS.UNAM","article_modified_time":"2023-09-12T01:57:26+00:00","og_image":[{"url":"http:\/\/gaceta.politicas.unam.mx\/wp-content\/uploads\/2023\/06\/daniel-andrade-santana-administracion.png"}],"twitter_misc":{"Tiempo de lectura":"3 minutos","Written by":"Ana Sanchez"},"schema":{"@context":"https:\/\/schema.org","@graph":[{"@type":"WebPage","@id":"https:\/\/gaceta.politicas.unam.mx\/index.php\/triunfo-en-reto-estudiantil\/","url":"https:\/\/gaceta.politicas.unam.mx\/index.php\/triunfo-en-reto-estudiantil\/","name":"Triunfo en reto estudiantil - Gaceta Pol\u00edticas","isPartOf":{"@id":"https:\/\/gaceta.politicas.unam.mx\/#website"},"datePublished":"2023-09-12T01:53:41+00:00","dateModified":"2023-09-12T01:57:26+00:00","inLanguage":"es","potentialAction":[{"@type":"ReadAction","target":["https:\/\/gaceta.politicas.unam.mx\/index.php\/triunfo-en-reto-estudiantil\/"]}]},{"@type":"WebSite","@id":"https:\/\/gaceta.politicas.unam.mx\/#website","url":"https:\/\/gaceta.politicas.unam.mx\/","name":"Gaceta Pol\u00edticas","description":"\u00d3rgano informativo de la Facultad de Ciencias Pol\u00edticas y Sociales","potentialAction":[{"@type":"SearchAction","target":{"@type":"EntryPoint","urlTemplate":"https:\/\/gaceta.politicas.unam.mx\/?s={search_term_string}"},"query-input":"required name=search_term_string"}],"inLanguage":"es"}]}},"_links":{"self":[{"href":"https:\/\/gaceta.politicas.unam.mx\/index.php\/wp-json\/wp\/v2\/pages\/21009"}],"collection":[{"href":"https:\/\/gaceta.politicas.unam.mx\/index.php\/wp-json\/wp\/v2\/pages"}],"about":[{"href":"https:\/\/gaceta.politicas.unam.mx\/index.php\/wp-json\/wp\/v2\/types\/page"}],"author":[{"embeddable":true,"href":"https:\/\/gaceta.politicas.unam.mx\/index.php\/wp-json\/wp\/v2\/users\/92"}],"replies":[{"embeddable":true,"href":"https:\/\/gaceta.politicas.unam.mx\/index.php\/wp-json\/wp\/v2\/comments?post=21009"}],"version-history":[{"count":10,"href":"https:\/\/gaceta.politicas.unam.mx\/index.php\/wp-json\/wp\/v2\/pages\/21009\/revisions"}],"predecessor-version":[{"id":21449,"href":"https:\/\/gaceta.politicas.unam.mx\/index.php\/wp-json\/wp\/v2\/pages\/21009\/revisions\/21449"}],"wp:attachment":[{"href":"https:\/\/gaceta.politicas.unam.mx\/index.php\/wp-json\/wp\/v2\/media?parent=21009"}],"wp:term":[{"taxonomy":"author","embeddable":true,"href":"https:\/\/gaceta.politicas.unam.mx\/index.php\/wp-json\/wp\/v2\/coauthors?post=21009"}],"curies":[{"name":"wp","href":"https:\/\/api.w.org\/{rel}","templated":true}]}}