{"id":16777,"date":"2022-11-04T13:48:36","date_gmt":"2022-11-04T19:48:36","guid":{"rendered":"https:\/\/gaceta.politicas.unam.mx\/?page_id=16777"},"modified":"2022-11-04T13:50:03","modified_gmt":"2022-11-04T19:50:03","slug":"prevencion-de-riesgos-en-la-unam-y-en-la-fcpys","status":"publish","type":"page","link":"https:\/\/gaceta.politicas.unam.mx\/index.php\/prevencion-de-riesgos-en-la-unam-y-en-la-fcpys\/","title":{"rendered":"Prevenci\u00f3n de riesgos en la UNAM y en la FCPyS"},"content":{"rendered":"\t\t<div data-elementor-type=\"wp-page\" data-elementor-id=\"16777\" class=\"elementor elementor-16777\">\n\t\t\t\t\t\t\t\t\t<section class=\"elementor-section elementor-top-section elementor-element elementor-element-0a70da5 elementor-section-boxed elementor-section-height-default elementor-section-height-default\" data-id=\"0a70da5\" data-element_type=\"section\">\n\t\t\t\t\t\t<div class=\"elementor-container elementor-column-gap-default\">\n\t\t\t\t\t<div class=\"elementor-column elementor-col-100 elementor-top-column elementor-element elementor-element-881194e\" data-id=\"881194e\" data-element_type=\"column\">\n\t\t\t<div class=\"elementor-widget-wrap elementor-element-populated\">\n\t\t\t\t\t\t\t\t<div class=\"elementor-element elementor-element-a53ce64 elementor-widget elementor-widget-image\" data-id=\"a53ce64\" data-element_type=\"widget\" data-widget_type=\"image.default\">\n\t\t\t\t<div class=\"elementor-widget-container\">\n\t\t\t\t\t\t\t\t\t\t\t\t\t\t\t<img decoding=\"async\" width=\"1920\" height=\"800\" src=\"https:\/\/gaceta.politicas.unam.mx\/wp-content\/uploads\/2022\/11\/numeros_emergencia.png\" class=\"attachment-2048x2048 size-2048x2048 wp-image-16772\" alt=\"\" loading=\"lazy\" srcset=\"https:\/\/gaceta.politicas.unam.mx\/wp-content\/uploads\/2022\/11\/numeros_emergencia.png 1920w, https:\/\/gaceta.politicas.unam.mx\/wp-content\/uploads\/2022\/11\/numeros_emergencia-300x125.png 300w, https:\/\/gaceta.politicas.unam.mx\/wp-content\/uploads\/2022\/11\/numeros_emergencia-1024x427.png 1024w, https:\/\/gaceta.politicas.unam.mx\/wp-content\/uploads\/2022\/11\/numeros_emergencia-768x320.png 768w, https:\/\/gaceta.politicas.unam.mx\/wp-content\/uploads\/2022\/11\/numeros_emergencia-1536x640.png 1536w\" sizes=\"(max-width: 1920px) 100vw, 1920px\" \/>\t\t\t\t\t\t\t\t\t\t\t\t\t\t\t<\/div>\n\t\t\t\t<\/div>\n\t\t\t\t<div class=\"elementor-element elementor-element-dc06ebe elementor-widget elementor-widget-spacer\" data-id=\"dc06ebe\" data-element_type=\"widget\" data-widget_type=\"spacer.default\">\n\t\t\t\t<div class=\"elementor-widget-container\">\n\t\t\t\t\t<div class=\"elementor-spacer\">\n\t\t\t<div class=\"elementor-spacer-inner\"><\/div>\n\t\t<\/div>\n\t\t\t\t<\/div>\n\t\t\t\t<\/div>\n\t\t\t\t<div class=\"elementor-element elementor-element-97fe0bd elementor-widget elementor-widget-heading\" data-id=\"97fe0bd\" data-element_type=\"widget\" data-widget_type=\"heading.default\">\n\t\t\t\t<div class=\"elementor-widget-container\">\n\t\t\t<h2 class=\"elementor-heading-title elementor-size-default\">Prevenci\u00f3n de riesgos en la UNAM y\nen la FCPyS<\/h2>\t\t<\/div>\n\t\t\t\t<\/div>\n\t\t\t\t<div class=\"elementor-element elementor-element-5834482 elementor-widget elementor-widget-text-editor\" data-id=\"5834482\" data-element_type=\"widget\" data-widget_type=\"text-editor.default\">\n\t\t\t\t<div class=\"elementor-widget-container\">\n\t\t\t\t\t\t\t<p>Frente a un futuro en el que se prev\u00e9 el incremento de fen\u00f3menos naturales, accidentes y siniestros, es evidente y urgente la necesidad de desarrollar una cultura de protecci\u00f3n civil y prevenci\u00f3n de riesgos que nos ayude a hacer frente a estas amenazas. Precisamente, los espacios de educaci\u00f3n, como nuestra Facultad, se vuelven el centro id\u00f3neo para reforzar tareas de prevenci\u00f3n, mitigaci\u00f3n y reconstrucci\u00f3n ante situaciones de peligro.<\/p><p>\u00a0<\/p><p>As\u00ed, la UNAM cuenta con una Direcci\u00f3n General de An\u00e1lisis, Protecci\u00f3n y Seguridad Universitaria (DGAPSU), la cual impulsa diversas acciones para salvaguardar la integridad de la comunidad universitaria y sus visitantes, manteniendo un ambiente de seguridad, confianza y tranquilidad en el campus. Todos los espacios universitarios, ya sean lugares de esparcimiento y recreaci\u00f3n, edificios, cafeter\u00edas, aulas, laboratorios, estacionamientos, etc\u00e9tera, se rigen por una normatividad de protecci\u00f3n y seguridad a nivel federal y del Gobierno de la Ciudad de M\u00e9xico, as\u00ed como por Disposiciones universitarias, protocolos generales y espec\u00edficos, a cargo de la DGAPSU, que se pueden consultar en la pagina oficial de esta entidad, en la pesta\u00f1a de Marco Jur\u00eddico: seguridadyprotecci\u00f3n.unam.mx<\/p><p>\u00a0<\/p><p>De igual forma, se cuenta con el apoyo de la Secretar\u00eda de Prevenci\u00f3n, Atenci\u00f3n y Seguridad Universitaria (SPASU), la cual procura las condiciones adecuadas para el desarrollo personal y acad\u00e9mico de la comunidad, a trav\u00e9s del dise\u00f1o, desarrollo e impulso de pol\u00edticas en materia de cuidado y protecci\u00f3n. Esto se logra en conjunto con el personal de la Direcci\u00f3n General de Atenci\u00f3n a la Comunidad (DGACO), cuyos ejes de trabajo en la Universidad son la inclusi\u00f3n, salud, seguridad, sustentabilidad e integraci\u00f3n comunitaria.<\/p><p>\u00a0<\/p><p>Para ahondar en los temas de seguridad, protecci\u00f3n y prevenci\u00f3n de riesgos, en entrevista para <em>Gaceta Pol\u00edticas<\/em>, el licenciado Francisco Vidal Vel\u00e1zquez, jefe de Servicios Generales de la FCPyS, nos habl\u00f3 de las acciones que lleva a cabo la Coordinaci\u00f3n de Protecci\u00f3n Civil de la misma, para garantizar la seguridad del colectivo del plantel.<\/p><p>\u00a0<\/p><p>Explic\u00f3 que la protecci\u00f3n civil es \u201cuna actividad que necesitamos planear y tener presente desde que salimos de casa, en el transporte, escuela o trabajo\u201d. Explic\u00f3 que hoy en d\u00eda los responsables de la Facultad en esta \u00e1rea, con el apoyo de la Secretar\u00eda General, cuentan con una plataforma interna donde pueden ver los programas y subprogramas de todos los protocolos que se instrumentan en la UNAM, los cuales contienen la normativa a seguir, misma que \u201ctodas las entidades universitarias respetamos en el caso de sismos, incendios, inundaciones o como en el reciente evento de una amenaza de artefacto explosivo\u201d, indic\u00f3.<\/p><p>\u00a0<\/p><p>Tambi\u00e9n destac\u00f3 que el contingente de protecci\u00f3n civil del plantel est\u00e1 conformado por alumnos, y \u201ceso para nosotros es muy satisfactorio, ya que es la poblaci\u00f3n con la que nos debemos identificar en mayor medida\u201d. En la actualidad, el equipo est\u00e1 conformado por 25 brigadistas, y de \u00e9stos, ocho son jefes de inmuebles; todos est\u00e1n capacitados y cuentan con la certificaci\u00f3n para actuar ante un hecho perturbador.<\/p><p>\u00a0<\/p><p>Mencion\u00f3 que en los pr\u00f3ximos d\u00edas la Comisi\u00f3n Interna de Seguridad de la FCPyS, encabezada por la doctora Carola Garc\u00eda Calde\u00f3n, directora de la Facultad, publicar\u00e1 una convocatoria para solicitar mayor participaci\u00f3n de alumnos, trabajadores, personal de confianza y administrativos, a fin de involucrar a toda la comunidad.<\/p><p>\u00a0<\/p><p>Por \u00faltimo, el licenciado Vidal reiter\u00f3 que \u201ces necesario tomar con mucha responsabilidad todos los ejercicios y cada acci\u00f3n de cuidado que se requiera, pues hoy en d\u00eda todos debemos saber qu\u00e9 hacer y aprender lo que es la autoprotecci\u00f3n, la base y apoyo de la protecci\u00f3n civil\u201d.<\/p><p>\u00a0<\/p><p>\u00a0<\/p>\t\t\t\t\t\t<\/div>\n\t\t\t\t<\/div>\n\t\t\t\t<div class=\"elementor-element elementor-element-a151010 elementor-widget elementor-widget-image\" data-id=\"a151010\" data-element_type=\"widget\" data-widget_type=\"image.default\">\n\t\t\t\t<div class=\"elementor-widget-container\">\n\t\t\t\t\t\t\t\t\t\t\t\t\t\t\t<img decoding=\"async\" width=\"1022\" height=\"1024\" src=\"https:\/\/gaceta.politicas.unam.mx\/wp-content\/uploads\/2022\/11\/numeros_emergencia_vida-mente-sana-1022x1024.png\" class=\"attachment-large size-large wp-image-16779\" alt=\"\" loading=\"lazy\" srcset=\"https:\/\/gaceta.politicas.unam.mx\/wp-content\/uploads\/2022\/11\/numeros_emergencia_vida-mente-sana-1022x1024.png 1022w, https:\/\/gaceta.politicas.unam.mx\/wp-content\/uploads\/2022\/11\/numeros_emergencia_vida-mente-sana-300x300.png 300w, https:\/\/gaceta.politicas.unam.mx\/wp-content\/uploads\/2022\/11\/numeros_emergencia_vida-mente-sana-150x150.png 150w, https:\/\/gaceta.politicas.unam.mx\/wp-content\/uploads\/2022\/11\/numeros_emergencia_vida-mente-sana-768x769.png 768w, https:\/\/gaceta.politicas.unam.mx\/wp-content\/uploads\/2022\/11\/numeros_emergencia_vida-mente-sana-1534x1536.png 1534w, https:\/\/gaceta.politicas.unam.mx\/wp-content\/uploads\/2022\/11\/numeros_emergencia_vida-mente-sana-80x80.png 80w, https:\/\/gaceta.politicas.unam.mx\/wp-content\/uploads\/2022\/11\/numeros_emergencia_vida-mente-sana-320x320.png 320w, https:\/\/gaceta.politicas.unam.mx\/wp-content\/uploads\/2022\/11\/numeros_emergencia_vida-mente-sana.png 1920w\" sizes=\"(max-width: 1022px) 100vw, 1022px\" \/>\t\t\t\t\t\t\t\t\t\t\t\t\t\t\t<\/div>\n\t\t\t\t<\/div>\n\t\t\t\t\t<\/div>\n\t\t<\/div>\n\t\t\t\t\t\t\t<\/div>\n\t\t<\/section>\n\t\t\t\t\t\t\t<\/div>\n\t\t","protected":false},"excerpt":{"rendered":"<p>Prevenci\u00f3n de riesgos en la UNAM y en la FCPyS Frente a un futuro en el que se prev\u00e9 el incremento de fen\u00f3menos naturales, accidentes y siniestros, es evidente y urgente la necesidad&#46;&#46;&#46;<\/p>\n","protected":false},"author":66,"featured_media":16772,"parent":0,"menu_order":0,"comment_status":"closed","ping_status":"closed","template":"elementor_header_footer","meta":[],"coauthors":[1401],"yoast_head":"<!-- This site is optimized with the Yoast SEO plugin v21.6 - https:\/\/yoast.com\/wordpress\/plugins\/seo\/ -->\n<title>Prevenci\u00f3n de riesgos en la UNAM y en la FCPyS - Gaceta Pol\u00edticas<\/title>\n<meta name=\"robots\" content=\"index, follow, max-snippet:-1, max-image-preview:large, max-video-preview:-1\" \/>\n<link rel=\"canonical\" href=\"https:\/\/gaceta.politicas.unam.mx\/index.php\/prevencion-de-riesgos-en-la-unam-y-en-la-fcpys\/\" \/>\n<meta property=\"og:locale\" content=\"es_ES\" \/>\n<meta property=\"og:type\" content=\"article\" \/>\n<meta property=\"og:title\" content=\"Prevenci\u00f3n de riesgos en la UNAM y en la FCPyS - Gaceta Pol\u00edticas\" \/>\n<meta property=\"og:description\" content=\"Prevenci\u00f3n de riesgos en la UNAM y en la FCPyS Frente a un futuro en el que se prev\u00e9 el incremento de fen\u00f3menos naturales, accidentes y siniestros, es evidente y urgente la necesidad&#046;&#046;&#046;\" \/>\n<meta property=\"og:url\" content=\"https:\/\/gaceta.politicas.unam.mx\/index.php\/prevencion-de-riesgos-en-la-unam-y-en-la-fcpys\/\" \/>\n<meta property=\"og:site_name\" content=\"Gaceta Pol\u00edticas\" \/>\n<meta property=\"article:publisher\" content=\"https:\/\/www.facebook.com\/FCPyS.UNAM\" \/>\n<meta property=\"article:modified_time\" content=\"2022-11-04T19:50:03+00:00\" \/>\n<meta property=\"og:image\" content=\"http:\/\/gaceta.politicas.unam.mx\/wp-content\/uploads\/2022\/11\/numeros_emergencia.png\" \/>\n\t<meta property=\"og:image:width\" content=\"1920\" \/>\n\t<meta property=\"og:image:height\" content=\"800\" \/>\n\t<meta property=\"og:image:type\" content=\"image\/png\" \/>\n<meta name=\"twitter:label1\" content=\"Tiempo de lectura\" \/>\n\t<meta name=\"twitter:data1\" content=\"4 minutos\" \/>\n\t<meta name=\"twitter:label2\" content=\"Written by\" \/>\n\t<meta name=\"twitter:data2\" content=\"Nancy Garc\u00eda\" \/>\n<script type=\"application\/ld+json\" class=\"yoast-schema-graph\">{\"@context\":\"https:\/\/schema.org\",\"@graph\":[{\"@type\":\"WebPage\",\"@id\":\"https:\/\/gaceta.politicas.unam.mx\/index.php\/prevencion-de-riesgos-en-la-unam-y-en-la-fcpys\/\",\"url\":\"https:\/\/gaceta.politicas.unam.mx\/index.php\/prevencion-de-riesgos-en-la-unam-y-en-la-fcpys\/\",\"name\":\"Prevenci\u00f3n de riesgos en la UNAM y en la FCPyS - Gaceta Pol\u00edticas\",\"isPartOf\":{\"@id\":\"https:\/\/gaceta.politicas.unam.mx\/#website\"},\"datePublished\":\"2022-11-04T19:48:36+00:00\",\"dateModified\":\"2022-11-04T19:50:03+00:00\",\"inLanguage\":\"es\",\"potentialAction\":[{\"@type\":\"ReadAction\",\"target\":[\"https:\/\/gaceta.politicas.unam.mx\/index.php\/prevencion-de-riesgos-en-la-unam-y-en-la-fcpys\/\"]}]},{\"@type\":\"WebSite\",\"@id\":\"https:\/\/gaceta.politicas.unam.mx\/#website\",\"url\":\"https:\/\/gaceta.politicas.unam.mx\/\",\"name\":\"Gaceta Pol\u00edticas\",\"description\":\"\u00d3rgano informativo de la Facultad de Ciencias Pol\u00edticas y Sociales\",\"potentialAction\":[{\"@type\":\"SearchAction\",\"target\":{\"@type\":\"EntryPoint\",\"urlTemplate\":\"https:\/\/gaceta.politicas.unam.mx\/?s={search_term_string}\"},\"query-input\":\"required name=search_term_string\"}],\"inLanguage\":\"es\"}]}<\/script>\n<!-- \/ Yoast SEO plugin. -->","yoast_head_json":{"title":"Prevenci\u00f3n de riesgos en la UNAM y en la FCPyS - Gaceta Pol\u00edticas","robots":{"index":"index","follow":"follow","max-snippet":"max-snippet:-1","max-image-preview":"max-image-preview:large","max-video-preview":"max-video-preview:-1"},"canonical":"https:\/\/gaceta.politicas.unam.mx\/index.php\/prevencion-de-riesgos-en-la-unam-y-en-la-fcpys\/","og_locale":"es_ES","og_type":"article","og_title":"Prevenci\u00f3n de riesgos en la UNAM y en la FCPyS - Gaceta Pol\u00edticas","og_description":"Prevenci\u00f3n de riesgos en la UNAM y en la FCPyS Frente a un futuro en el que se prev\u00e9 el incremento de fen\u00f3menos naturales, accidentes y siniestros, es evidente y urgente la necesidad&#46;&#46;&#46;","og_url":"https:\/\/gaceta.politicas.unam.mx\/index.php\/prevencion-de-riesgos-en-la-unam-y-en-la-fcpys\/","og_site_name":"Gaceta Pol\u00edticas","article_publisher":"https:\/\/www.facebook.com\/FCPyS.UNAM","article_modified_time":"2022-11-04T19:50:03+00:00","og_image":[{"width":1920,"height":800,"url":"http:\/\/gaceta.politicas.unam.mx\/wp-content\/uploads\/2022\/11\/numeros_emergencia.png","type":"image\/png"}],"twitter_misc":{"Tiempo de lectura":"4 minutos","Written by":"Nancy Garc\u00eda"},"schema":{"@context":"https:\/\/schema.org","@graph":[{"@type":"WebPage","@id":"https:\/\/gaceta.politicas.unam.mx\/index.php\/prevencion-de-riesgos-en-la-unam-y-en-la-fcpys\/","url":"https:\/\/gaceta.politicas.unam.mx\/index.php\/prevencion-de-riesgos-en-la-unam-y-en-la-fcpys\/","name":"Prevenci\u00f3n de riesgos en la UNAM y en la FCPyS - Gaceta Pol\u00edticas","isPartOf":{"@id":"https:\/\/gaceta.politicas.unam.mx\/#website"},"datePublished":"2022-11-04T19:48:36+00:00","dateModified":"2022-11-04T19:50:03+00:00","inLanguage":"es","potentialAction":[{"@type":"ReadAction","target":["https:\/\/gaceta.politicas.unam.mx\/index.php\/prevencion-de-riesgos-en-la-unam-y-en-la-fcpys\/"]}]},{"@type":"WebSite","@id":"https:\/\/gaceta.politicas.unam.mx\/#website","url":"https:\/\/gaceta.politicas.unam.mx\/","name":"Gaceta Pol\u00edticas","description":"\u00d3rgano informativo de la Facultad de Ciencias Pol\u00edticas y Sociales","potentialAction":[{"@type":"SearchAction","target":{"@type":"EntryPoint","urlTemplate":"https:\/\/gaceta.politicas.unam.mx\/?s={search_term_string}"},"query-input":"required name=search_term_string"}],"inLanguage":"es"}]}},"_links":{"self":[{"href":"https:\/\/gaceta.politicas.unam.mx\/index.php\/wp-json\/wp\/v2\/pages\/16777"}],"collection":[{"href":"https:\/\/gaceta.politicas.unam.mx\/index.php\/wp-json\/wp\/v2\/pages"}],"about":[{"href":"https:\/\/gaceta.politicas.unam.mx\/index.php\/wp-json\/wp\/v2\/types\/page"}],"author":[{"embeddable":true,"href":"https:\/\/gaceta.politicas.unam.mx\/index.php\/wp-json\/wp\/v2\/users\/66"}],"replies":[{"embeddable":true,"href":"https:\/\/gaceta.politicas.unam.mx\/index.php\/wp-json\/wp\/v2\/comments?post=16777"}],"version-history":[{"count":6,"href":"https:\/\/gaceta.politicas.unam.mx\/index.php\/wp-json\/wp\/v2\/pages\/16777\/revisions"}],"predecessor-version":[{"id":16784,"href":"https:\/\/gaceta.politicas.unam.mx\/index.php\/wp-json\/wp\/v2\/pages\/16777\/revisions\/16784"}],"wp:featuredmedia":[{"embeddable":true,"href":"https:\/\/gaceta.politicas.unam.mx\/index.php\/wp-json\/wp\/v2\/media\/16772"}],"wp:attachment":[{"href":"https:\/\/gaceta.politicas.unam.mx\/index.php\/wp-json\/wp\/v2\/media?parent=16777"}],"wp:term":[{"taxonomy":"author","embeddable":true,"href":"https:\/\/gaceta.politicas.unam.mx\/index.php\/wp-json\/wp\/v2\/coauthors?post=16777"}],"curies":[{"name":"wp","href":"https:\/\/api.w.org\/{rel}","templated":true}]}}