{"id":16758,"date":"2022-11-04T13:13:42","date_gmt":"2022-11-04T19:13:42","guid":{"rendered":"https:\/\/gaceta.politicas.unam.mx\/?page_id=16758"},"modified":"2022-11-04T13:22:56","modified_gmt":"2022-11-04T19:22:56","slug":"las-maravillosas-funciones-del-cine","status":"publish","type":"page","link":"https:\/\/gaceta.politicas.unam.mx\/index.php\/las-maravillosas-funciones-del-cine\/","title":{"rendered":"Las maravillosas funciones del cine"},"content":{"rendered":"\t\t<div data-elementor-type=\"wp-page\" data-elementor-id=\"16758\" class=\"elementor elementor-16758\">\n\t\t\t\t\t\t\t\t\t<section class=\"elementor-section elementor-top-section elementor-element elementor-element-07efc21 elementor-section-boxed elementor-section-height-default elementor-section-height-default\" data-id=\"07efc21\" data-element_type=\"section\">\n\t\t\t\t\t\t<div class=\"elementor-container elementor-column-gap-default\">\n\t\t\t\t\t<div class=\"elementor-column elementor-col-100 elementor-top-column elementor-element elementor-element-c5d6504\" data-id=\"c5d6504\" data-element_type=\"column\">\n\t\t\t<div class=\"elementor-widget-wrap elementor-element-populated\">\n\t\t\t\t\t\t\t\t<div class=\"elementor-element elementor-element-f11cf86 elementor-widget elementor-widget-image\" data-id=\"f11cf86\" data-element_type=\"widget\" data-widget_type=\"image.default\">\n\t\t\t\t<div class=\"elementor-widget-container\">\n\t\t\t\t\t\t\t\t\t\t\t\t\t\t\t<img decoding=\"async\" width=\"1920\" height=\"799\" src=\"https:\/\/gaceta.politicas.unam.mx\/wp-content\/uploads\/2022\/11\/Good-Bye-Lenin.png\" class=\"attachment-full size-full wp-image-16761\" alt=\"\" loading=\"lazy\" srcset=\"https:\/\/gaceta.politicas.unam.mx\/wp-content\/uploads\/2022\/11\/Good-Bye-Lenin.png 1920w, https:\/\/gaceta.politicas.unam.mx\/wp-content\/uploads\/2022\/11\/Good-Bye-Lenin-300x125.png 300w, https:\/\/gaceta.politicas.unam.mx\/wp-content\/uploads\/2022\/11\/Good-Bye-Lenin-1024x426.png 1024w, https:\/\/gaceta.politicas.unam.mx\/wp-content\/uploads\/2022\/11\/Good-Bye-Lenin-768x320.png 768w, https:\/\/gaceta.politicas.unam.mx\/wp-content\/uploads\/2022\/11\/Good-Bye-Lenin-1536x639.png 1536w\" sizes=\"(max-width: 1920px) 100vw, 1920px\" \/>\t\t\t\t\t\t\t\t\t\t\t\t\t\t\t<\/div>\n\t\t\t\t<\/div>\n\t\t\t\t<div class=\"elementor-element elementor-element-d0602dc elementor-widget elementor-widget-text-editor\" data-id=\"d0602dc\" data-element_type=\"widget\" data-widget_type=\"text-editor.default\">\n\t\t\t\t<div class=\"elementor-widget-container\">\n\t\t\t\t\t\t\t\t\t\t\t\t\t<\/div>\n\t\t\t\t<\/div>\n\t\t\t\t<div class=\"elementor-element elementor-element-90b05d6 elementor-widget elementor-widget-heading\" data-id=\"90b05d6\" data-element_type=\"widget\" data-widget_type=\"heading.default\">\n\t\t\t\t<div class=\"elementor-widget-container\">\n\t\t\t<h2 class=\"elementor-heading-title elementor-size-default\">Las maravillosas funciones del cine<\/h2>\t\t<\/div>\n\t\t\t\t<\/div>\n\t\t\t\t<div class=\"elementor-element elementor-element-c3c4a50 elementor-widget elementor-widget-text-editor\" data-id=\"c3c4a50\" data-element_type=\"widget\" data-widget_type=\"text-editor.default\">\n\t\t\t\t<div class=\"elementor-widget-container\">\n\t\t\t\t\t\t\t<p><strong>Por Fotios Messados<\/strong><br \/><br \/><\/p>\t\t\t\t\t\t<\/div>\n\t\t\t\t<\/div>\n\t\t\t\t<div class=\"elementor-element elementor-element-c2acd32 elementor-widget elementor-widget-text-editor\" data-id=\"c2acd32\" data-element_type=\"widget\" data-widget_type=\"text-editor.default\">\n\t\t\t\t<div class=\"elementor-widget-container\">\n\t\t\t\t\t\t\t<p>\u201cEl cine es historia, y una pel\u00edcula, como recurso did\u00e1ctico, puede ser un complemento en la actividad docente\u201d, afirm\u00f3 el doctor Francisco Peredo Castro, profesor de la Facultad de Ciencias Pol\u00edticas y Sociales, en entrevista concedida a <em>Gaceta Pol\u00edticas<\/em>.<\/p><p>\u00a0<\/p><p>En esta charla viajamos junto al catedr\u00e1tico, especializado en la historia y en el cine, al maravilloso mundo de la cinematograf\u00eda; rastreamos y descubrimos el multifac\u00e9tico car\u00e1cter de esta herramienta de comunicaci\u00f3n, de producci\u00f3n y creatividad, y, sin duda alguna, aprendimos m\u00e1s sobre este complejo producto social. La primera pregunta que le hicimos, obvia para muchos, no obstante fundamental, fue: \u00bfqu\u00e9 es el cine? \u00bfEs un medio de comunicaci\u00f3n que conlleva una carga ideol\u00f3gica, es un arte o una industria?<\/p><p>\u00a0<\/p><p>\u2014 \u201dHay cuatro acepciones fundamentales que son ineludibles cuando se habla de cine. En primer lugar, \u201cel cine es historia, porque una vez que las pel\u00edculas cumplen su circulaci\u00f3n en el mercado cinematogr\u00e1fico de exhibici\u00f3n mundial o local, a la larga se convierten en documentos hist\u00f3ricos, los cuales requieren ser interpretados, analizados, criticados y explicados, como procede con cualquier otro documento o testimonio de la historia\u201d.<\/p><p>\u00a0<\/p><p>Para el doctor Peredo Castro esta funci\u00f3n hist\u00f3rica del cine tiene un trascendente valor, adem\u00e1s, para la ense\u00f1anza; no obstante, este valor es complementario ya que, como a\u00f1adi\u00f3, una pel\u00edcula \u201cnunca puede ser un sustituto de ninguna clase, ni de una buena lectura\u201d.<\/p><p>\u00a0<\/p><p>En el \u00e1mbito de las ciencias sociales, el estudio de este tema es indispensable, asegur\u00f3 el investigador, pues al hablar de cine nos referimos, tambi\u00e9n, de acuerdo con la segunda acepci\u00f3n, a un \u201cpoderoso medio de comunicaci\u00f3n, que genera representaciones y sentidos, lo cual da lugar a la creaci\u00f3n de estereotipos y de miradas sesgadas sobre los otros\u201d. En este marco, a\u00f1adi\u00f3, los estereotipos de raza, clase y g\u00e9nero expresados en los filmes, tambi\u00e9n deben entrar al marco del an\u00e1lisis social.<\/p><p>\u00a0<\/p><p>En las concepciones antes mencionadas, sigui\u00f3 nuestro entrevistado, hay que incluir otras dos: el cine como arte y como industria cultural. En el caso de la primera asever\u00f3: \u201cEl cine es un arte y lo es en doble sentido: sirve como medio de expresi\u00f3n est\u00e9tica y art\u00edstica para quienes lo realizan\u201d, pero tambi\u00e9n \u201ces un medio de goce o disfrute est\u00e9tico\u201d para el p\u00fablico.<\/p><p>\u00a0<\/p><p>Con respecto a la segunda, el interlocutor explic\u00f3: \u201cEl cine tambi\u00e9n es una industria que genera unas mercanc\u00edas, que son las pel\u00edculas\u201d. Naturalmente, abund\u00f3, la industria cinematogr\u00e1fica involucra la producci\u00f3n, la promoci\u00f3n y el mercado, pero tambi\u00e9n la circulaci\u00f3n del producto y a los consumidores.<\/p><p>\u00a0<\/p><p>Francisco Peredo puntualiz\u00f3 las herramientas y estrategias que hacen del cine \u201cun recurso did\u00e1ctico complementario\u201d, pero indudablemente de gran valor. El cine, precis\u00f3, es un recurso de ense\u00f1anza-aprendizaje valioso; es decir, \u201cpor s\u00ed sola una pel\u00edcula no lo contiene todo; su contenido lo debemos complementar, comparar y confrontar con archivos diplom\u00e1ticos, gubernamentales, con la informaci\u00f3n de los peri\u00f3dicos. Si realizamos la reconstrucci\u00f3n hist\u00f3rica de una sociedad dada, de su contexto social, econ\u00f3mico y pol\u00edtico-ideol\u00f3gico, los documentos hist\u00f3ricos, incluidas las pel\u00edculas y el cine de la \u00e9poca, son fuentes v\u00e1lidas\u201d.<\/p><p>\u00a0<\/p><p>En uno de sus libros, <em>Cine y propaganda<\/em>, el Doctor analiza las pel\u00edculas del auge del cine mexicano, para llegar, as\u00ed, a una reconstrucci\u00f3n del contexto internacional y de la situaci\u00f3n econ\u00f3mica, pol\u00edtica y social nacional. Ah\u00ed se\u00f1ala que es poco antes y poco despu\u00e9s de la Segunda Guerra Mundial cuando la cinematograf\u00eda del pa\u00eds expresa, como medio de comunicaci\u00f3n, tendencias ideol\u00f3gicas nacionales e internacionales, internas y externas, y se gana un lugar que le permite allegarse de capitales estadounidenses y nacionales para su desarrollo, adem\u00e1s de que proyecta art\u00edsticamente la vida social de la naci\u00f3n, en la \u00e9poca de su industrializaci\u00f3n, entre 1934 y 1960.<\/p><p>\u00a0<\/p><p>En las p\u00e1ginas de esta obra, el autor apunta que \u201cM\u00e9xico, a partir del r\u00e9gimen cardenista (1934-1940), se inclin\u00f3 por la v\u00eda del desarrollo capitalista, con un fuerte apoyo del Estado a los sectores empresariales, misma que dur\u00f3 y lleg\u00f3 a su apogeo en el r\u00e9gimen de Miguel Alem\u00e1n (1945-1952), y subraya que el cine fue parte de este contexto y proyecto.<\/p><p>\u00a0<\/p><p>En la conversaci\u00f3n con el profesor Peredo observamos que es notable su amor por las pel\u00edculas, su entusiasmo al interpretar filmes de diferentes \u00e9pocas hist\u00f3ricas y la vehemencia con la que analiza y reconstruye la situaci\u00f3n social, la \u00e9poca y los significados de determinada cinta.<\/p><p>\u00a0<\/p><p>En la tarea docente, ahond\u00f3, al fin de cuentas uno busca que los alumnos se vuelvan espectadores m\u00e1s atentos, anal\u00edticos y cr\u00edticos de la realidad, y el cine coadyuva a ello. De hecho, \u201cpara nosotros como estudiosos de los procesos y la historia de la comunicaci\u00f3n, y de la sociolog\u00eda del cine, s\u00ed es importante hacernos<br \/>de algunas herramientas y estrategias para \u201cver\u201d el cine con atenci\u00f3n, analizarlo y<br \/>aprovecharlo en la ense\u00f1anza.<\/p><p>\u00a0<\/p><p>Puntualiz\u00f3 que la Universidad es un espacio privilegiado, en el que, por excelencia, se desarrollan las herramientas de estudio de las distintas zonas del saber y, por consiguiente, las estrategias para que los estudiantes se aproximen al conocimiento del objeto estudiado.<\/p><p>\u00a0<\/p><p>\u201cEn las comunidades acad\u00e9micas, universidades y centros de investigaci\u00f3n, s\u00ed tenemos un m\u00ednimo compromiso para aproximarnos a la producci\u00f3n cultural de otra manera; por ejemplo, mediante el auxilio del cine. En el campo de las ciencias sociales, adem\u00e1s, \u201cestamos obligados y comprometidos a que los alumnos conozcan a cabalidad los objetos culturales\u201d.<\/p><p>\u00a0<\/p><p>\u2014 \u00bfDe qu\u00e9 manera reciben los estudiantes este recurso did\u00e1ctico y este proceso<br \/>de aprendizaje?\u00a0<\/p><p>\u00a0<\/p><p>\u2014 \u201cEn general lo aceptan bien, sobre todo cuando tienen claro que se trata de reflexionar sobre una conjunci\u00f3n de fuentes: ver una pel\u00edcula, pero tambi\u00e9n leer textos; es decir, se les explica bien la din\u00e1mica. Una cinta por s\u00ed sola no es la explicaci\u00f3n, tambi\u00e9n es todo lo dem\u00e1s, documentos diplom\u00e1ticos, gubernamentales, peri\u00f3dicos, revistas, cr\u00edticas. A veces les pido a los estudiantes que vayan a la Hemeroteca Nacional a consultar los diarios de determinada \u00e9poca, a fin de que vean el tono del momento en la publicidad, las noticias y las cr\u00edticas, y puedan entonces interpretar\u201d.<\/p><p>\u00a0<\/p><p>Francisco Peredo Castro insisti\u00f3 en la hermosa y compleja complicidad entre aprendizaje e investigaci\u00f3n, entre estrategias y t\u00e9cnicas, entre docente y estudiantes. \u201cCreo que es todo el conjunto lo que construye la riqueza de este proceso de aprendizaje\u00bb, concluy\u00f3.<\/p><p>\u00a0<\/p><p>\u00a0<\/p><p>\u00a0<\/p>\t\t\t\t\t\t<\/div>\n\t\t\t\t<\/div>\n\t\t\t\t\t<\/div>\n\t\t<\/div>\n\t\t\t\t\t\t\t<\/div>\n\t\t<\/section>\n\t\t\t\t\t\t\t<\/div>\n\t\t","protected":false},"excerpt":{"rendered":"<p>Las maravillosas funciones del cine Por Fotios Messados \u201cEl cine es historia, y una pel\u00edcula, como recurso did\u00e1ctico, puede ser un complemento en la actividad docente\u201d, afirm\u00f3 el doctor Francisco Peredo Castro, profesor&#46;&#46;&#46;<\/p>\n","protected":false},"author":66,"featured_media":16754,"parent":0,"menu_order":0,"comment_status":"closed","ping_status":"closed","template":"elementor_header_footer","meta":[],"coauthors":[1401],"yoast_head":"<!-- This site is optimized with the Yoast SEO plugin v21.6 - https:\/\/yoast.com\/wordpress\/plugins\/seo\/ -->\n<title>Las maravillosas funciones del cine - Gaceta Pol\u00edticas<\/title>\n<meta name=\"robots\" content=\"index, follow, max-snippet:-1, max-image-preview:large, max-video-preview:-1\" \/>\n<link rel=\"canonical\" href=\"https:\/\/gaceta.politicas.unam.mx\/index.php\/las-maravillosas-funciones-del-cine\/\" \/>\n<meta property=\"og:locale\" content=\"es_ES\" \/>\n<meta property=\"og:type\" content=\"article\" \/>\n<meta property=\"og:title\" content=\"Las maravillosas funciones del cine - Gaceta Pol\u00edticas\" \/>\n<meta property=\"og:description\" content=\"Las maravillosas funciones del cine Por Fotios Messados \u201cEl cine es historia, y una pel\u00edcula, como recurso did\u00e1ctico, puede ser un complemento en la actividad docente\u201d, afirm\u00f3 el doctor Francisco Peredo Castro, profesor&#046;&#046;&#046;\" \/>\n<meta property=\"og:url\" content=\"https:\/\/gaceta.politicas.unam.mx\/index.php\/las-maravillosas-funciones-del-cine\/\" \/>\n<meta property=\"og:site_name\" content=\"Gaceta Pol\u00edticas\" \/>\n<meta property=\"article:publisher\" content=\"https:\/\/www.facebook.com\/FCPyS.UNAM\" \/>\n<meta property=\"article:modified_time\" content=\"2022-11-04T19:22:56+00:00\" \/>\n<meta property=\"og:image\" content=\"http:\/\/gaceta.politicas.unam.mx\/wp-content\/uploads\/2022\/11\/Good-Bye-Lenin-Wolfgang-Becker-2003.jpg\" \/>\n\t<meta property=\"og:image:width\" content=\"980\" \/>\n\t<meta property=\"og:image:height\" content=\"552\" \/>\n\t<meta property=\"og:image:type\" content=\"image\/jpeg\" \/>\n<meta name=\"twitter:label1\" content=\"Tiempo de lectura\" \/>\n\t<meta name=\"twitter:data1\" content=\"5 minutos\" \/>\n\t<meta name=\"twitter:label2\" content=\"Written by\" \/>\n\t<meta name=\"twitter:data2\" content=\"Nancy Garc\u00eda\" \/>\n<script type=\"application\/ld+json\" class=\"yoast-schema-graph\">{\"@context\":\"https:\/\/schema.org\",\"@graph\":[{\"@type\":\"WebPage\",\"@id\":\"https:\/\/gaceta.politicas.unam.mx\/index.php\/las-maravillosas-funciones-del-cine\/\",\"url\":\"https:\/\/gaceta.politicas.unam.mx\/index.php\/las-maravillosas-funciones-del-cine\/\",\"name\":\"Las maravillosas funciones del cine - Gaceta Pol\u00edticas\",\"isPartOf\":{\"@id\":\"https:\/\/gaceta.politicas.unam.mx\/#website\"},\"datePublished\":\"2022-11-04T19:13:42+00:00\",\"dateModified\":\"2022-11-04T19:22:56+00:00\",\"inLanguage\":\"es\",\"potentialAction\":[{\"@type\":\"ReadAction\",\"target\":[\"https:\/\/gaceta.politicas.unam.mx\/index.php\/las-maravillosas-funciones-del-cine\/\"]}]},{\"@type\":\"WebSite\",\"@id\":\"https:\/\/gaceta.politicas.unam.mx\/#website\",\"url\":\"https:\/\/gaceta.politicas.unam.mx\/\",\"name\":\"Gaceta Pol\u00edticas\",\"description\":\"\u00d3rgano informativo de la Facultad de Ciencias Pol\u00edticas y Sociales\",\"potentialAction\":[{\"@type\":\"SearchAction\",\"target\":{\"@type\":\"EntryPoint\",\"urlTemplate\":\"https:\/\/gaceta.politicas.unam.mx\/?s={search_term_string}\"},\"query-input\":\"required name=search_term_string\"}],\"inLanguage\":\"es\"}]}<\/script>\n<!-- \/ Yoast SEO plugin. -->","yoast_head_json":{"title":"Las maravillosas funciones del cine - Gaceta Pol\u00edticas","robots":{"index":"index","follow":"follow","max-snippet":"max-snippet:-1","max-image-preview":"max-image-preview:large","max-video-preview":"max-video-preview:-1"},"canonical":"https:\/\/gaceta.politicas.unam.mx\/index.php\/las-maravillosas-funciones-del-cine\/","og_locale":"es_ES","og_type":"article","og_title":"Las maravillosas funciones del cine - Gaceta Pol\u00edticas","og_description":"Las maravillosas funciones del cine Por Fotios Messados \u201cEl cine es historia, y una pel\u00edcula, como recurso did\u00e1ctico, puede ser un complemento en la actividad docente\u201d, afirm\u00f3 el doctor Francisco Peredo Castro, profesor&#46;&#46;&#46;","og_url":"https:\/\/gaceta.politicas.unam.mx\/index.php\/las-maravillosas-funciones-del-cine\/","og_site_name":"Gaceta Pol\u00edticas","article_publisher":"https:\/\/www.facebook.com\/FCPyS.UNAM","article_modified_time":"2022-11-04T19:22:56+00:00","og_image":[{"width":980,"height":552,"url":"http:\/\/gaceta.politicas.unam.mx\/wp-content\/uploads\/2022\/11\/Good-Bye-Lenin-Wolfgang-Becker-2003.jpg","type":"image\/jpeg"}],"twitter_misc":{"Tiempo de lectura":"5 minutos","Written by":"Nancy Garc\u00eda"},"schema":{"@context":"https:\/\/schema.org","@graph":[{"@type":"WebPage","@id":"https:\/\/gaceta.politicas.unam.mx\/index.php\/las-maravillosas-funciones-del-cine\/","url":"https:\/\/gaceta.politicas.unam.mx\/index.php\/las-maravillosas-funciones-del-cine\/","name":"Las maravillosas funciones del cine - Gaceta Pol\u00edticas","isPartOf":{"@id":"https:\/\/gaceta.politicas.unam.mx\/#website"},"datePublished":"2022-11-04T19:13:42+00:00","dateModified":"2022-11-04T19:22:56+00:00","inLanguage":"es","potentialAction":[{"@type":"ReadAction","target":["https:\/\/gaceta.politicas.unam.mx\/index.php\/las-maravillosas-funciones-del-cine\/"]}]},{"@type":"WebSite","@id":"https:\/\/gaceta.politicas.unam.mx\/#website","url":"https:\/\/gaceta.politicas.unam.mx\/","name":"Gaceta Pol\u00edticas","description":"\u00d3rgano informativo de la Facultad de Ciencias Pol\u00edticas y Sociales","potentialAction":[{"@type":"SearchAction","target":{"@type":"EntryPoint","urlTemplate":"https:\/\/gaceta.politicas.unam.mx\/?s={search_term_string}"},"query-input":"required name=search_term_string"}],"inLanguage":"es"}]}},"_links":{"self":[{"href":"https:\/\/gaceta.politicas.unam.mx\/index.php\/wp-json\/wp\/v2\/pages\/16758"}],"collection":[{"href":"https:\/\/gaceta.politicas.unam.mx\/index.php\/wp-json\/wp\/v2\/pages"}],"about":[{"href":"https:\/\/gaceta.politicas.unam.mx\/index.php\/wp-json\/wp\/v2\/types\/page"}],"author":[{"embeddable":true,"href":"https:\/\/gaceta.politicas.unam.mx\/index.php\/wp-json\/wp\/v2\/users\/66"}],"replies":[{"embeddable":true,"href":"https:\/\/gaceta.politicas.unam.mx\/index.php\/wp-json\/wp\/v2\/comments?post=16758"}],"version-history":[{"count":5,"href":"https:\/\/gaceta.politicas.unam.mx\/index.php\/wp-json\/wp\/v2\/pages\/16758\/revisions"}],"predecessor-version":[{"id":16767,"href":"https:\/\/gaceta.politicas.unam.mx\/index.php\/wp-json\/wp\/v2\/pages\/16758\/revisions\/16767"}],"wp:featuredmedia":[{"embeddable":true,"href":"https:\/\/gaceta.politicas.unam.mx\/index.php\/wp-json\/wp\/v2\/media\/16754"}],"wp:attachment":[{"href":"https:\/\/gaceta.politicas.unam.mx\/index.php\/wp-json\/wp\/v2\/media?parent=16758"}],"wp:term":[{"taxonomy":"author","embeddable":true,"href":"https:\/\/gaceta.politicas.unam.mx\/index.php\/wp-json\/wp\/v2\/coauthors?post=16758"}],"curies":[{"name":"wp","href":"https:\/\/api.w.org\/{rel}","templated":true}]}}