{"id":16664,"date":"2022-11-03T17:59:13","date_gmt":"2022-11-03T23:59:13","guid":{"rendered":"https:\/\/gaceta.politicas.unam.mx\/?page_id=16664"},"modified":"2022-11-03T19:33:55","modified_gmt":"2022-11-04T01:33:55","slug":"mijail-gorbachov-el-ultimo-lider-de-la-urss","status":"publish","type":"page","link":"https:\/\/gaceta.politicas.unam.mx\/index.php\/mijail-gorbachov-el-ultimo-lider-de-la-urss\/","title":{"rendered":"Mija\u00edl Gorbachov, el \u00faltimo l\u00edder de la URSS"},"content":{"rendered":"\t\t<div data-elementor-type=\"wp-page\" data-elementor-id=\"16664\" class=\"elementor elementor-16664\">\n\t\t\t\t\t\t\t\t\t<section class=\"elementor-section elementor-top-section elementor-element elementor-element-5b425d4 elementor-section-boxed elementor-section-height-default elementor-section-height-default\" data-id=\"5b425d4\" data-element_type=\"section\">\n\t\t\t\t\t\t<div class=\"elementor-container elementor-column-gap-default\">\n\t\t\t\t\t<div class=\"elementor-column elementor-col-100 elementor-top-column elementor-element elementor-element-59f9de1\" data-id=\"59f9de1\" data-element_type=\"column\">\n\t\t\t<div class=\"elementor-widget-wrap elementor-element-populated\">\n\t\t\t\t\t\t\t\t<div class=\"elementor-element elementor-element-638dc4c elementor-widget elementor-widget-spacer\" data-id=\"638dc4c\" data-element_type=\"widget\" data-widget_type=\"spacer.default\">\n\t\t\t\t<div class=\"elementor-widget-container\">\n\t\t\t\t\t<div class=\"elementor-spacer\">\n\t\t\t<div class=\"elementor-spacer-inner\"><\/div>\n\t\t<\/div>\n\t\t\t\t<\/div>\n\t\t\t\t<\/div>\n\t\t\t\t<div class=\"elementor-element elementor-element-9b91a74 elementor-widget elementor-widget-image\" data-id=\"9b91a74\" data-element_type=\"widget\" data-widget_type=\"image.default\">\n\t\t\t\t<div class=\"elementor-widget-container\">\n\t\t\t\t\t\t\t\t\t\t\t\t\t\t\t<img decoding=\"async\" width=\"1920\" height=\"749\" src=\"https:\/\/gaceta.politicas.unam.mx\/wp-content\/uploads\/2022\/11\/Gorbachov.png\" class=\"attachment-full size-full wp-image-16666\" alt=\"\" loading=\"lazy\" srcset=\"https:\/\/gaceta.politicas.unam.mx\/wp-content\/uploads\/2022\/11\/Gorbachov.png 1920w, https:\/\/gaceta.politicas.unam.mx\/wp-content\/uploads\/2022\/11\/Gorbachov-300x117.png 300w, https:\/\/gaceta.politicas.unam.mx\/wp-content\/uploads\/2022\/11\/Gorbachov-1024x399.png 1024w, https:\/\/gaceta.politicas.unam.mx\/wp-content\/uploads\/2022\/11\/Gorbachov-768x300.png 768w, https:\/\/gaceta.politicas.unam.mx\/wp-content\/uploads\/2022\/11\/Gorbachov-1536x599.png 1536w\" sizes=\"(max-width: 1920px) 100vw, 1920px\" \/>\t\t\t\t\t\t\t\t\t\t\t\t\t\t\t<\/div>\n\t\t\t\t<\/div>\n\t\t\t\t<div class=\"elementor-element elementor-element-464a277 elementor-widget elementor-widget-heading\" data-id=\"464a277\" data-element_type=\"widget\" data-widget_type=\"heading.default\">\n\t\t\t\t<div class=\"elementor-widget-container\">\n\t\t\t<h2 class=\"elementor-heading-title elementor-size-default\">Mija\u00edl Gorbachov,\nel \u00faltimo l\u00edder de la URSS<\/h2>\t\t<\/div>\n\t\t\t\t<\/div>\n\t\t\t\t<div class=\"elementor-element elementor-element-9a11c28 elementor-widget elementor-widget-text-editor\" data-id=\"9a11c28\" data-element_type=\"widget\" data-widget_type=\"text-editor.default\">\n\t\t\t\t<div class=\"elementor-widget-container\">\n\t\t\t\t\t\t\t<p><strong>Imelda Ib\u00e1nez<\/strong><\/p>\t\t\t\t\t\t<\/div>\n\t\t\t\t<\/div>\n\t\t\t\t<div class=\"elementor-element elementor-element-1c9e472 elementor-widget elementor-widget-text-editor\" data-id=\"1c9e472\" data-element_type=\"widget\" data-widget_type=\"text-editor.default\">\n\t\t\t\t<div class=\"elementor-widget-container\">\n\t\t\t\t\t\t\t<p>Maestra en Relaciones Internacionales, UNAM<\/p>\t\t\t\t\t\t<\/div>\n\t\t\t\t<\/div>\n\t\t\t\t<div class=\"elementor-element elementor-element-e8883a7 elementor-widget elementor-widget-text-editor\" data-id=\"e8883a7\" data-element_type=\"widget\" data-widget_type=\"text-editor.default\">\n\t\t\t\t<div class=\"elementor-widget-container\">\n\t\t\t\t\t\t\t<p>En diciembre de 2022 se cumple el primer centenario de la creaci\u00f3n de la Uni\u00f3n de Rep\u00fablicas Socialistas Sovi\u00e9ticas (URSS), mismo a\u00f1o en el que falleci\u00f3 su \u00faltimo l\u00edder: Mija\u00edl Serguevich Gorbachov, y tambi\u00e9n en el que asistimos a un gran cambio que ha cimbrado el espacio de seguridad euroatl\u00e1ntico y postsovi\u00e9tico, con la crisis pol\u00edtico militar en Ucrania, cuyo impacto repercutir\u00e1 en el esquema de la pol\u00edtica mundial.<\/p><p>\u00a0<\/p><p>La historia no tiene modo subjuntivo. Cu\u00e1les ser\u00edan las alternativas a la ca\u00edda de la URSS, nunca lo sabremos. Desde el momento en que Gorbachov lanz\u00f3 las reformas a su pa\u00eds, ya era imposible detener este proceso; la <em>Perestroika<\/em> y la <em>Gl\u00e1snost<\/em> superaron los l\u00edmites del deshielo de Nikita Jruschov. De 1985 a 1987 Gorbachov gozaba de una confianza enorme, la poblaci\u00f3n manten\u00eda un gran entusiasmo hacia el nuevo Secretario General del PCUS; su energ\u00eda, creatividad y eficiencia simplemente asombraron a muchos y trabaj\u00f3 sin escatimar en s\u00ed mismo.<\/p><p>\u00a0<\/p><p>Desafortunadamente, el gobierno de Gorbachov estuvo acompa\u00f1ado de serios juicios y a menudo errores; ejemplos de ello, la fallida campa\u00f1a contra el consumo de alcohol, que caus\u00f3 graves da\u00f1os al presupuesto del pa\u00eds, y el accidente nuclear de Chernobyl, que se convirti\u00f3 en un ominoso presagio del colapso posterior de la Uni\u00f3n.<\/p><p>Por supuesto, hubo \u00e9xitos, y el \u00e1mbito de las relaciones internacionales fue uno de ellos. El nuevo Secretario General estaba convencido de que la relaci\u00f3n con Estados Unidos deb\u00eda pasar a primer plano en el campo de la pol\u00edtica exterior sovi\u00e9tica, y que el nivel de confrontaci\u00f3n en ellas ten\u00eda que reducirse. Las cumbres Gorbachov Reagan, en Ginebra (1985), y Reykjavik (1986), dieron al mundo el mensaje de que la potencia sovi\u00e9tica deseaba escucharse y entenderse con la estadounidense. De hecho, en los a\u00f1os siguientes, los dos pa\u00edses lograron un cambio completamente definitivo en la naturaleza de las relaciones interestatales, y se consigui\u00f3 un gran avance en el campo de la pol\u00edtica de desarme.<\/p><p>\u00a0<\/p><p>Asimismo, en el \u00e1mbito regional europeo, la propuesta de creaci\u00f3n de la Casa Com\u00fan Europea, bajo la firma de la Carta de Par\u00eds de 1990, llevaba el mensaje que Gorbachov deseaba: la conformaci\u00f3n de la indivisibilidad de la seguridad para los Estados europeos, incluida la Uni\u00f3n Sovi\u00e9tica.<\/p><p>\u00a0<\/p><p>Sin embargo, tres hechos resultaron fatales para la apertura y cambios propuestos por el \u00faltimo l\u00edder de la URSS: el golpe de Estado, en agosto de 1991, organizado por Boris Yeltsin; la firma de los acuerdos de Belovezhsa entre Rusia, Ucrania y Bielorrusia, y el desconocimiento de los l\u00edderes occidentales sobre los pactos de seguridad para la regi\u00f3n euroatl\u00e1ntica, todo cuando Gorbachov carec\u00eda ya de peso pol\u00edtico.<\/p><p>\u00a0<\/p><p>Hay que destacar que cuando se decidi\u00f3 el destino de la Uni\u00f3n en Belovezhskaya Pushcha, el 8 de diciembre de 1991, y contra de la voluntad del pueblo, expresada en el refer\u00e9ndum del 17 de marzo, nunca pensaron en las consecuencias; incluso, el destino de las fuerzas armadas y las nucleares qued\u00f3 en el aire: las fuerzas armadas unificadas se desintegraron r\u00e1pidamente, y la declaraci\u00f3n de intenciones de \u201cpreservar y mantener bajo el mando unificado del espacio estrat\u00e9gico- militar com\u00fan, incluido el control unificado de las armas nucleares\u201d, result\u00f3 ser una frase vac\u00eda. La prisa de los acuerdos sorprendi\u00f3 hasta a los estadounidenses.<\/p><p>\u00a0<\/p><p>Cuando Gorbachov anunci\u00f3 su renuncia dej\u00f3 el cargo, queriendo evitar una divisi\u00f3n en el pa\u00eds y una guerra civil, que ser\u00edan inevitables si recurr\u00eda a acciones contundentes como la aplicaci\u00f3n del estado de emergencia. \u00c9l mismo lo declar\u00f3: \u201cTodav\u00eda me hacen la pregunta: \u00bfest\u00e1 seguro que despu\u00e9s de Belovezhsa hizo todo lo posible, utiliz\u00f3 todos los poderes del presidente para preservar la Uni\u00f3n? Mi respuesta: s\u00ed, utilic\u00e9 todos los poderes pol\u00edticos, todos los medios, excepto la fuerza. Recurrir al uso de la fuerza para mantener el poder ya no ser\u00eda de Gorbachov. \u00bfY c\u00f3mo podr\u00eda terminar? La divisi\u00f3n de todo: el ej\u00e9rcito, la polic\u00eda, un conflicto civil y posiblemente una guerra civil, el derramamiento de sangre. Este camino estaba cerrado para m\u00ed\u201d.<\/p><p>\u00a0<\/p><p>El d\u00eda de su renuncia, el presidente de la URSS, con el \u00e1nimo completamente abatido, pero quien en el momento de grabar el llamado a la poblaci\u00f3n pudo presentarse \u00edntegro, dio un discurso con gran respeto a su pueblo, que enfrentaba una prueba tan dif\u00edcil, como las que Rusia, a trav\u00e9s de su milenaria historia, siempre ha sorteado: el comienzo de una nueva era, que, a principios de este siglo XXI, contin\u00faa escribi\u00e9ndose, y que sin su presencia no podemos entender la historia de la pol\u00edtica mundial.<\/p><p>\u00a0<\/p><p>En su \u00faltimo libro: <em>Lo que est\u00e1 en juego, el futuro de la paz global<\/em> (2019), Mija\u00edl Serguevich Gorbachov se despide as\u00ed: \u201cMi actividad pol\u00edtica ha tenido lugar en una \u00e9poca en la que mi pa\u00eds y el mundo experimentaron cambios dr\u00e1sticos. He aceptado el desaf\u00edo del tiempo. No he escapado a los errores, pero se han producido m\u00e1s cambios de magnitud hist\u00f3rica. Creo que me da derecho a reflexionar sobre el futuro y compartir mis pensamientos con ustedes\u201d.<\/p><p>\u00a0<\/p>\t\t\t\t\t\t<\/div>\n\t\t\t\t<\/div>\n\t\t\t\t<div class=\"elementor-element elementor-element-f5fac4a elementor-widget elementor-widget-spacer\" data-id=\"f5fac4a\" data-element_type=\"widget\" data-widget_type=\"spacer.default\">\n\t\t\t\t<div class=\"elementor-widget-container\">\n\t\t\t\t\t<div class=\"elementor-spacer\">\n\t\t\t<div class=\"elementor-spacer-inner\"><\/div>\n\t\t<\/div>\n\t\t\t\t<\/div>\n\t\t\t\t<\/div>\n\t\t\t\t<div class=\"elementor-element elementor-element-a3e0817 elementor-widget elementor-widget-text-editor\" data-id=\"a3e0817\" data-element_type=\"widget\" data-widget_type=\"text-editor.default\">\n\t\t\t\t<div class=\"elementor-widget-container\">\n\t\t\t\t\t\t\t\t\t\t\t\t\t<\/div>\n\t\t\t\t<\/div>\n\t\t\t\t\t<\/div>\n\t\t<\/div>\n\t\t\t\t\t\t\t<\/div>\n\t\t<\/section>\n\t\t\t\t\t\t\t<\/div>\n\t\t","protected":false},"excerpt":{"rendered":"<p>Mija\u00edl Gorbachov, el \u00faltimo l\u00edder de la URSS Imelda Ib\u00e1nez Maestra en Relaciones Internacionales, UNAM En diciembre de 2022 se cumple el primer centenario de la creaci\u00f3n de la Uni\u00f3n de Rep\u00fablicas Socialistas&#46;&#46;&#46;<\/p>\n","protected":false},"author":66,"featured_media":16671,"parent":0,"menu_order":0,"comment_status":"closed","ping_status":"closed","template":"elementor_header_footer","meta":[],"coauthors":[1401],"yoast_head":"<!-- This site is optimized with the Yoast SEO plugin v21.6 - https:\/\/yoast.com\/wordpress\/plugins\/seo\/ -->\n<title>Mija\u00edl Gorbachov, el \u00faltimo l\u00edder de la URSS - Gaceta Pol\u00edticas<\/title>\n<meta name=\"robots\" content=\"index, follow, max-snippet:-1, max-image-preview:large, max-video-preview:-1\" \/>\n<link rel=\"canonical\" href=\"https:\/\/gaceta.politicas.unam.mx\/index.php\/mijail-gorbachov-el-ultimo-lider-de-la-urss\/\" \/>\n<meta property=\"og:locale\" content=\"es_ES\" \/>\n<meta property=\"og:type\" content=\"article\" \/>\n<meta property=\"og:title\" content=\"Mija\u00edl Gorbachov, el \u00faltimo l\u00edder de la URSS - Gaceta Pol\u00edticas\" \/>\n<meta property=\"og:description\" content=\"Mija\u00edl Gorbachov, el \u00faltimo l\u00edder de la URSS Imelda Ib\u00e1nez Maestra en Relaciones Internacionales, UNAM En diciembre de 2022 se cumple el primer centenario de la creaci\u00f3n de la Uni\u00f3n de Rep\u00fablicas Socialistas&#046;&#046;&#046;\" \/>\n<meta property=\"og:url\" content=\"https:\/\/gaceta.politicas.unam.mx\/index.php\/mijail-gorbachov-el-ultimo-lider-de-la-urss\/\" \/>\n<meta property=\"og:site_name\" content=\"Gaceta Pol\u00edticas\" \/>\n<meta property=\"article:publisher\" content=\"https:\/\/www.facebook.com\/FCPyS.UNAM\" \/>\n<meta property=\"article:modified_time\" content=\"2022-11-04T01:33:55+00:00\" \/>\n<meta property=\"og:image\" content=\"http:\/\/gaceta.politicas.unam.mx\/wp-content\/uploads\/2022\/11\/Gorbachov-inicio.png\" \/>\n\t<meta property=\"og:image:width\" content=\"798\" \/>\n\t<meta property=\"og:image:height\" content=\"499\" \/>\n\t<meta property=\"og:image:type\" content=\"image\/png\" \/>\n<meta name=\"twitter:label1\" content=\"Tiempo de lectura\" \/>\n\t<meta name=\"twitter:data1\" content=\"5 minutos\" \/>\n\t<meta name=\"twitter:label2\" content=\"Written by\" \/>\n\t<meta name=\"twitter:data2\" content=\"Nancy Garc\u00eda\" \/>\n<script type=\"application\/ld+json\" class=\"yoast-schema-graph\">{\"@context\":\"https:\/\/schema.org\",\"@graph\":[{\"@type\":\"WebPage\",\"@id\":\"https:\/\/gaceta.politicas.unam.mx\/index.php\/mijail-gorbachov-el-ultimo-lider-de-la-urss\/\",\"url\":\"https:\/\/gaceta.politicas.unam.mx\/index.php\/mijail-gorbachov-el-ultimo-lider-de-la-urss\/\",\"name\":\"Mija\u00edl Gorbachov, el \u00faltimo l\u00edder de la URSS - Gaceta Pol\u00edticas\",\"isPartOf\":{\"@id\":\"https:\/\/gaceta.politicas.unam.mx\/#website\"},\"datePublished\":\"2022-11-03T23:59:13+00:00\",\"dateModified\":\"2022-11-04T01:33:55+00:00\",\"inLanguage\":\"es\",\"potentialAction\":[{\"@type\":\"ReadAction\",\"target\":[\"https:\/\/gaceta.politicas.unam.mx\/index.php\/mijail-gorbachov-el-ultimo-lider-de-la-urss\/\"]}]},{\"@type\":\"WebSite\",\"@id\":\"https:\/\/gaceta.politicas.unam.mx\/#website\",\"url\":\"https:\/\/gaceta.politicas.unam.mx\/\",\"name\":\"Gaceta Pol\u00edticas\",\"description\":\"\u00d3rgano informativo de la Facultad de Ciencias Pol\u00edticas y Sociales\",\"potentialAction\":[{\"@type\":\"SearchAction\",\"target\":{\"@type\":\"EntryPoint\",\"urlTemplate\":\"https:\/\/gaceta.politicas.unam.mx\/?s={search_term_string}\"},\"query-input\":\"required name=search_term_string\"}],\"inLanguage\":\"es\"}]}<\/script>\n<!-- \/ Yoast SEO plugin. -->","yoast_head_json":{"title":"Mija\u00edl Gorbachov, el \u00faltimo l\u00edder de la URSS - Gaceta Pol\u00edticas","robots":{"index":"index","follow":"follow","max-snippet":"max-snippet:-1","max-image-preview":"max-image-preview:large","max-video-preview":"max-video-preview:-1"},"canonical":"https:\/\/gaceta.politicas.unam.mx\/index.php\/mijail-gorbachov-el-ultimo-lider-de-la-urss\/","og_locale":"es_ES","og_type":"article","og_title":"Mija\u00edl Gorbachov, el \u00faltimo l\u00edder de la URSS - Gaceta Pol\u00edticas","og_description":"Mija\u00edl Gorbachov, el \u00faltimo l\u00edder de la URSS Imelda Ib\u00e1nez Maestra en Relaciones Internacionales, UNAM En diciembre de 2022 se cumple el primer centenario de la creaci\u00f3n de la Uni\u00f3n de Rep\u00fablicas Socialistas&#46;&#46;&#46;","og_url":"https:\/\/gaceta.politicas.unam.mx\/index.php\/mijail-gorbachov-el-ultimo-lider-de-la-urss\/","og_site_name":"Gaceta Pol\u00edticas","article_publisher":"https:\/\/www.facebook.com\/FCPyS.UNAM","article_modified_time":"2022-11-04T01:33:55+00:00","og_image":[{"width":798,"height":499,"url":"http:\/\/gaceta.politicas.unam.mx\/wp-content\/uploads\/2022\/11\/Gorbachov-inicio.png","type":"image\/png"}],"twitter_misc":{"Tiempo de lectura":"5 minutos","Written by":"Nancy Garc\u00eda"},"schema":{"@context":"https:\/\/schema.org","@graph":[{"@type":"WebPage","@id":"https:\/\/gaceta.politicas.unam.mx\/index.php\/mijail-gorbachov-el-ultimo-lider-de-la-urss\/","url":"https:\/\/gaceta.politicas.unam.mx\/index.php\/mijail-gorbachov-el-ultimo-lider-de-la-urss\/","name":"Mija\u00edl Gorbachov, el \u00faltimo l\u00edder de la URSS - Gaceta Pol\u00edticas","isPartOf":{"@id":"https:\/\/gaceta.politicas.unam.mx\/#website"},"datePublished":"2022-11-03T23:59:13+00:00","dateModified":"2022-11-04T01:33:55+00:00","inLanguage":"es","potentialAction":[{"@type":"ReadAction","target":["https:\/\/gaceta.politicas.unam.mx\/index.php\/mijail-gorbachov-el-ultimo-lider-de-la-urss\/"]}]},{"@type":"WebSite","@id":"https:\/\/gaceta.politicas.unam.mx\/#website","url":"https:\/\/gaceta.politicas.unam.mx\/","name":"Gaceta Pol\u00edticas","description":"\u00d3rgano informativo de la Facultad de Ciencias Pol\u00edticas y Sociales","potentialAction":[{"@type":"SearchAction","target":{"@type":"EntryPoint","urlTemplate":"https:\/\/gaceta.politicas.unam.mx\/?s={search_term_string}"},"query-input":"required name=search_term_string"}],"inLanguage":"es"}]}},"_links":{"self":[{"href":"https:\/\/gaceta.politicas.unam.mx\/index.php\/wp-json\/wp\/v2\/pages\/16664"}],"collection":[{"href":"https:\/\/gaceta.politicas.unam.mx\/index.php\/wp-json\/wp\/v2\/pages"}],"about":[{"href":"https:\/\/gaceta.politicas.unam.mx\/index.php\/wp-json\/wp\/v2\/types\/page"}],"author":[{"embeddable":true,"href":"https:\/\/gaceta.politicas.unam.mx\/index.php\/wp-json\/wp\/v2\/users\/66"}],"replies":[{"embeddable":true,"href":"https:\/\/gaceta.politicas.unam.mx\/index.php\/wp-json\/wp\/v2\/comments?post=16664"}],"version-history":[{"count":5,"href":"https:\/\/gaceta.politicas.unam.mx\/index.php\/wp-json\/wp\/v2\/pages\/16664\/revisions"}],"predecessor-version":[{"id":16670,"href":"https:\/\/gaceta.politicas.unam.mx\/index.php\/wp-json\/wp\/v2\/pages\/16664\/revisions\/16670"}],"wp:featuredmedia":[{"embeddable":true,"href":"https:\/\/gaceta.politicas.unam.mx\/index.php\/wp-json\/wp\/v2\/media\/16671"}],"wp:attachment":[{"href":"https:\/\/gaceta.politicas.unam.mx\/index.php\/wp-json\/wp\/v2\/media?parent=16664"}],"wp:term":[{"taxonomy":"author","embeddable":true,"href":"https:\/\/gaceta.politicas.unam.mx\/index.php\/wp-json\/wp\/v2\/coauthors?post=16664"}],"curies":[{"name":"wp","href":"https:\/\/api.w.org\/{rel}","templated":true}]}}