{"id":145,"date":"2017-01-24T02:38:01","date_gmt":"2017-01-24T02:38:01","guid":{"rendered":"http:\/\/gaceta.politicas.unam.mx\/?page_id=145"},"modified":"2026-04-20T22:06:51","modified_gmt":"2026-04-21T04:06:51","slug":"directorio","status":"publish","type":"page","link":"https:\/\/gaceta.politicas.unam.mx\/index.php\/directorio\/","title":{"rendered":"Directorio"},"content":{"rendered":"\t\t<div data-elementor-type=\"wp-post\" data-elementor-id=\"145\" class=\"elementor elementor-145\">\n\t\t\t\t\t\t\t\t\t<section class=\"elementor-section elementor-top-section elementor-element elementor-element-c6e4527 elementor-section-boxed elementor-section-height-default elementor-section-height-default\" data-id=\"c6e4527\" data-element_type=\"section\">\n\t\t\t\t\t\t<div class=\"elementor-container elementor-column-gap-default\">\n\t\t\t\t\t<div class=\"elementor-column elementor-col-100 elementor-top-column elementor-element elementor-element-32a2c4f8\" data-id=\"32a2c4f8\" data-element_type=\"column\">\n\t\t\t<div class=\"elementor-widget-wrap elementor-element-populated\">\n\t\t\t\t\t\t\t\t<div class=\"elementor-element elementor-element-2a1ff66d elementor-widget elementor-widget-text-editor\" data-id=\"2a1ff66d\" data-element_type=\"widget\" data-widget_type=\"text-editor.default\">\n\t\t\t\t<div class=\"elementor-widget-container\">\n\t\t\t\t\t\t\t<p style=\"text-align: center;\"><strong>UNIVERSIDAD NACIONAL AUT\u00d3NOMA DE M\u00c9XICO<\/strong><\/p><p style=\"text-align: center;\"><strong>Rector<\/strong><br \/>Leonardo Lomel\u00ed\u00a0 Vanegas<\/p><p style=\"text-align: center;\"><strong>Secretaria General<\/strong><br \/>Patricia D\u00e1vila Aranda<\/p><p style=\"text-align: center;\"><strong>Director General de Comunicaci\u00f3n Social<\/strong><br \/>Mauricio L\u00f3pez Vel\u00e1zquez<\/p><p style=\"text-align: center;\"><strong>FACULTAD DE CIENCIAS POL\u00cdTICAS Y SOCIALES<\/strong><br \/><strong>Director<\/strong><br \/>Alejandro Chanona Burguete<\/p><p style=\"text-align: center;\"><strong>Secretario General<\/strong><br \/>D\u00e1maso Ram\u00edrez Morales<\/p><p style=\"text-align: center;\"><strong>GACETA POL\u00cdTICAS<\/strong><\/p><p style=\"text-align: center;\"><strong>Director<\/strong><br \/>Antonio Sierra Garc\u00eda<\/p><p style=\"text-align: center;\"><strong>Subdirectora<\/strong><br \/>Rosa Martha S\u00e1nchez Carrillo<\/p><p style=\"text-align: center;\"><strong>Editora<\/strong><br \/>Leticia Mart\u00ednez Eslava<\/p><p style=\"text-align: center;\"><strong>Dise\u00f1o<\/strong><br \/>Oscar Jurado Osorio<\/p><p style=\"text-align: center;\"><strong>Unidad de informaci\u00f3n<\/strong><\/p><p style=\"text-align: center;\">Myriam Corte Cort\u00e9s<br \/>Itzel Stephany Z\u00e1rate G\u00f3mez<br \/>Margarita Mart\u00ednez Torres<br \/>Diego Plata Guerrero<br \/>Marycruz Ponce de Le\u00f3n Lucio<br \/>Montserrat Ram\u00edrez Hern\u00e1ndez<br \/>Emiliano Valdemar Rojas<br \/>Ricardo Mart\u00ednez Espinoza<br \/>Diana Sof\u00eda Lara Gudi\u00f1o<\/p><p><strong>Fotograf\u00eda<\/strong><\/p><p>Emiliano Valdemar Rojas<br \/>Ricardo Mart\u00ednez Espinoza<br \/><br \/><\/p><p><strong>Dise\u00f1o Web<\/strong><br \/>Miguel Angel Silva Roque\u00a0<\/p><h4 style=\"text-align: center;\">\u00a0<\/h4>\t\t\t\t\t\t<\/div>\n\t\t\t\t<\/div>\n\t\t\t\t\t<\/div>\n\t\t<\/div>\n\t\t\t\t\t\t\t<\/div>\n\t\t<\/section>\n\t\t\t\t<section class=\"elementor-section elementor-top-section elementor-element elementor-element-662e4cd elementor-section-boxed elementor-section-height-default elementor-section-height-default\" data-id=\"662e4cd\" data-element_type=\"section\">\n\t\t\t\t\t\t<div class=\"elementor-container elementor-column-gap-default\">\n\t\t\t\t\t<div class=\"elementor-column elementor-col-100 elementor-top-column elementor-element elementor-element-b59666e\" data-id=\"b59666e\" data-element_type=\"column\">\n\t\t\t<div class=\"elementor-widget-wrap elementor-element-populated\">\n\t\t\t\t\t\t\t\t<div class=\"elementor-element elementor-element-106bd67 elementor-widget elementor-widget-image\" data-id=\"106bd67\" data-element_type=\"widget\" data-widget_type=\"image.default\">\n\t\t\t\t<div class=\"elementor-widget-container\">\n\t\t\t\t\t\t\t\t\t\t\t\t\t\t\t<img decoding=\"async\" width=\"300\" height=\"108\" src=\"https:\/\/gaceta.politicas.unam.mx\/wp-content\/uploads\/2025\/03\/Diseno-sin-titulo-e1745899327378-300x108.png\" class=\"attachment-medium size-medium wp-image-29011\" alt=\"\" loading=\"lazy\" srcset=\"https:\/\/gaceta.politicas.unam.mx\/wp-content\/uploads\/2025\/03\/Diseno-sin-titulo-e1745899327378-300x108.png 300w, https:\/\/gaceta.politicas.unam.mx\/wp-content\/uploads\/2025\/03\/Diseno-sin-titulo-e1745899327378.png 711w\" sizes=\"(max-width: 300px) 100vw, 300px\" \/>\t\t\t\t\t\t\t\t\t\t\t\t\t\t\t<\/div>\n\t\t\t\t<\/div>\n\t\t\t\t\t<\/div>\n\t\t<\/div>\n\t\t\t\t\t\t\t<\/div>\n\t\t<\/section>\n\t\t\t\t\t\t\t<\/div>\n\t\t","protected":false},"excerpt":{"rendered":"<p>UNIVERSIDAD NACIONAL AUT\u00d3NOMA DE M\u00c9XICO RectorLeonardo Lomel\u00ed\u00a0 Vanegas Secretaria GeneralPatricia D\u00e1vila Aranda Director General de Comunicaci\u00f3n SocialMauricio L\u00f3pez Vel\u00e1zquez FACULTAD DE CIENCIAS POL\u00cdTICAS Y SOCIALESDirectorAlejandro Chanona Burguete Secretario GeneralD\u00e1maso Ram\u00edrez Morales GACETA POL\u00cdTICAS&#46;&#46;&#46;<\/p>\n","protected":false},"author":22,"featured_media":0,"parent":0,"menu_order":11,"comment_status":"closed","ping_status":"closed","template":"","meta":[],"coauthors":[387],"yoast_head":"<!-- This site is optimized with the Yoast SEO plugin v21.6 - https:\/\/yoast.com\/wordpress\/plugins\/seo\/ -->\n<title>Directorio - Gaceta Pol\u00edticas<\/title>\n<meta name=\"robots\" content=\"index, follow, max-snippet:-1, max-image-preview:large, max-video-preview:-1\" \/>\n<link rel=\"canonical\" href=\"https:\/\/gaceta.politicas.unam.mx\/index.php\/directorio\/\" \/>\n<meta property=\"og:locale\" content=\"es_ES\" \/>\n<meta property=\"og:type\" content=\"article\" \/>\n<meta property=\"og:title\" content=\"Directorio - Gaceta Pol\u00edticas\" \/>\n<meta property=\"og:description\" content=\"UNIVERSIDAD NACIONAL AUT\u00d3NOMA DE M\u00c9XICO RectorLeonardo Lomel\u00ed\u00a0 Vanegas Secretaria GeneralPatricia D\u00e1vila Aranda Director General de Comunicaci\u00f3n SocialMauricio L\u00f3pez Vel\u00e1zquez FACULTAD DE CIENCIAS POL\u00cdTICAS Y SOCIALESDirectorAlejandro Chanona Burguete Secretario GeneralD\u00e1maso Ram\u00edrez Morales GACETA POL\u00cdTICAS&#046;&#046;&#046;\" \/>\n<meta property=\"og:url\" content=\"https:\/\/gaceta.politicas.unam.mx\/index.php\/directorio\/\" \/>\n<meta property=\"og:site_name\" content=\"Gaceta Pol\u00edticas\" \/>\n<meta property=\"article:publisher\" content=\"https:\/\/www.facebook.com\/FCPyS.UNAM\" \/>\n<meta property=\"article:modified_time\" content=\"2026-04-21T04:06:51+00:00\" \/>\n<meta property=\"og:image\" content=\"http:\/\/gaceta.politicas.unam.mx\/wp-content\/uploads\/2025\/03\/Diseno-sin-titulo-e1745899327378-300x108.png\" \/>\n<meta name=\"twitter:label1\" content=\"Tiempo de lectura\" \/>\n\t<meta name=\"twitter:data1\" content=\"1 minuto\" \/>\n\t<meta name=\"twitter:label2\" content=\"Written by\" \/>\n\t<meta name=\"twitter:data2\" content=\"Departamento de Informaci\u00f3n\" \/>\n<script type=\"application\/ld+json\" class=\"yoast-schema-graph\">{\"@context\":\"https:\/\/schema.org\",\"@graph\":[{\"@type\":\"WebPage\",\"@id\":\"https:\/\/gaceta.politicas.unam.mx\/index.php\/directorio\/\",\"url\":\"https:\/\/gaceta.politicas.unam.mx\/index.php\/directorio\/\",\"name\":\"Directorio - Gaceta Pol\u00edticas\",\"isPartOf\":{\"@id\":\"https:\/\/gaceta.politicas.unam.mx\/#website\"},\"datePublished\":\"2017-01-24T02:38:01+00:00\",\"dateModified\":\"2026-04-21T04:06:51+00:00\",\"inLanguage\":\"es\",\"potentialAction\":[{\"@type\":\"ReadAction\",\"target\":[\"https:\/\/gaceta.politicas.unam.mx\/index.php\/directorio\/\"]}]},{\"@type\":\"WebSite\",\"@id\":\"https:\/\/gaceta.politicas.unam.mx\/#website\",\"url\":\"https:\/\/gaceta.politicas.unam.mx\/\",\"name\":\"Gaceta Pol\u00edticas\",\"description\":\"\u00d3rgano informativo de la Facultad de Ciencias Pol\u00edticas y Sociales\",\"potentialAction\":[{\"@type\":\"SearchAction\",\"target\":{\"@type\":\"EntryPoint\",\"urlTemplate\":\"https:\/\/gaceta.politicas.unam.mx\/?s={search_term_string}\"},\"query-input\":\"required name=search_term_string\"}],\"inLanguage\":\"es\"}]}<\/script>\n<!-- \/ Yoast SEO plugin. -->","yoast_head_json":{"title":"Directorio - Gaceta Pol\u00edticas","robots":{"index":"index","follow":"follow","max-snippet":"max-snippet:-1","max-image-preview":"max-image-preview:large","max-video-preview":"max-video-preview:-1"},"canonical":"https:\/\/gaceta.politicas.unam.mx\/index.php\/directorio\/","og_locale":"es_ES","og_type":"article","og_title":"Directorio - Gaceta Pol\u00edticas","og_description":"UNIVERSIDAD NACIONAL AUT\u00d3NOMA DE M\u00c9XICO RectorLeonardo Lomel\u00ed\u00a0 Vanegas Secretaria GeneralPatricia D\u00e1vila Aranda Director General de Comunicaci\u00f3n SocialMauricio L\u00f3pez Vel\u00e1zquez FACULTAD DE CIENCIAS POL\u00cdTICAS Y SOCIALESDirectorAlejandro Chanona Burguete Secretario GeneralD\u00e1maso Ram\u00edrez Morales GACETA POL\u00cdTICAS&#46;&#46;&#46;","og_url":"https:\/\/gaceta.politicas.unam.mx\/index.php\/directorio\/","og_site_name":"Gaceta Pol\u00edticas","article_publisher":"https:\/\/www.facebook.com\/FCPyS.UNAM","article_modified_time":"2026-04-21T04:06:51+00:00","og_image":[{"url":"http:\/\/gaceta.politicas.unam.mx\/wp-content\/uploads\/2025\/03\/Diseno-sin-titulo-e1745899327378-300x108.png"}],"twitter_misc":{"Tiempo de lectura":"1 minuto","Written by":"Departamento de Informaci\u00f3n"},"schema":{"@context":"https:\/\/schema.org","@graph":[{"@type":"WebPage","@id":"https:\/\/gaceta.politicas.unam.mx\/index.php\/directorio\/","url":"https:\/\/gaceta.politicas.unam.mx\/index.php\/directorio\/","name":"Directorio - Gaceta Pol\u00edticas","isPartOf":{"@id":"https:\/\/gaceta.politicas.unam.mx\/#website"},"datePublished":"2017-01-24T02:38:01+00:00","dateModified":"2026-04-21T04:06:51+00:00","inLanguage":"es","potentialAction":[{"@type":"ReadAction","target":["https:\/\/gaceta.politicas.unam.mx\/index.php\/directorio\/"]}]},{"@type":"WebSite","@id":"https:\/\/gaceta.politicas.unam.mx\/#website","url":"https:\/\/gaceta.politicas.unam.mx\/","name":"Gaceta Pol\u00edticas","description":"\u00d3rgano informativo de la Facultad de Ciencias Pol\u00edticas y Sociales","potentialAction":[{"@type":"SearchAction","target":{"@type":"EntryPoint","urlTemplate":"https:\/\/gaceta.politicas.unam.mx\/?s={search_term_string}"},"query-input":"required name=search_term_string"}],"inLanguage":"es"}]}},"_links":{"self":[{"href":"https:\/\/gaceta.politicas.unam.mx\/index.php\/wp-json\/wp\/v2\/pages\/145"}],"collection":[{"href":"https:\/\/gaceta.politicas.unam.mx\/index.php\/wp-json\/wp\/v2\/pages"}],"about":[{"href":"https:\/\/gaceta.politicas.unam.mx\/index.php\/wp-json\/wp\/v2\/types\/page"}],"author":[{"embeddable":true,"href":"https:\/\/gaceta.politicas.unam.mx\/index.php\/wp-json\/wp\/v2\/users\/22"}],"replies":[{"embeddable":true,"href":"https:\/\/gaceta.politicas.unam.mx\/index.php\/wp-json\/wp\/v2\/comments?post=145"}],"version-history":[{"count":58,"href":"https:\/\/gaceta.politicas.unam.mx\/index.php\/wp-json\/wp\/v2\/pages\/145\/revisions"}],"predecessor-version":[{"id":37002,"href":"https:\/\/gaceta.politicas.unam.mx\/index.php\/wp-json\/wp\/v2\/pages\/145\/revisions\/37002"}],"wp:attachment":[{"href":"https:\/\/gaceta.politicas.unam.mx\/index.php\/wp-json\/wp\/v2\/media?parent=145"}],"wp:term":[{"taxonomy":"author","embeddable":true,"href":"https:\/\/gaceta.politicas.unam.mx\/index.php\/wp-json\/wp\/v2\/coauthors?post=145"}],"curies":[{"name":"wp","href":"https:\/\/api.w.org\/{rel}","templated":true}]}}